{"id":142,"date":"2018-02-06T14:18:47","date_gmt":"2018-02-06T12:18:47","guid":{"rendered":"https:\/\/pippam.fi\/?page_id=142"},"modified":"2021-11-03T11:34:42","modified_gmt":"2021-11-03T09:34:42","slug":"toimitus-ja-sopimusehdot","status":"publish","type":"page","link":"https:\/\/pippam.fi\/?page_id=142","title":{"rendered":"Toimitus- ja sopimusehdot"},"content":{"rendered":"<div class=\"container section-title-container\">\n<p class=\"section-title section-title-normal\">Seuraavat ehdot ovat voimassa asiakkaan ja pippa m. Oy:n v\u00e4lisess\u00e4 verkkokaupassa.<\/p>\n<\/div>\n<div class=\"container section-title-container\">\n<p class=\"section-title section-title-normal\"><span class=\"section-title-main\">Kaupan asiakkuus<\/span><\/p>\n<\/div>\n<p>Jotta pippa m. verkkokaupasta tilaaminen onnistuu, on asiakkaan annettava tilauksen yhteydess\u00e4 yhteystietonsa pippa m. Oy:n asiakasrekisteriin.<br \/>\npippa m. Oy:n asiakastiedot ovat luottamuksellisia. pippa m. Oy luovuttaa yhteystietoja yrityksen ulkopuolelle vain v\u00e4ltt\u00e4m\u00e4tt\u00f6mille kumppaneille, kuten kuljetusliikkeelle, maksunv\u00e4litt\u00e4j\u00e4lle tai tilitoimistoon.\u00a0 Asiakkaalla on henkil\u00f6tietolain mukainen oikeus tarkistaa rekisteriss\u00e4 olevat tietonsa. Rekisterin tarkoitus on asiakassuhteen hoito. Rekisterin sis\u00e4lt\u00e4m\u00e4t tiedot ovat nimi, osoite, puhelinnumero, s\u00e4hk\u00f6postiosoite ja edustettava ryhm\u00e4. Asiakasrekisterist\u00e4 vastaa pippa m. Oy, PL 28, 28601 Pori.<\/p>\n<p>Hinnat ja toimitustavat<\/p>\n<p>Hinnat ovat n\u00e4kyvill\u00e4 verkkokaupassa ja ne sis\u00e4lt\u00e4v\u00e4t arvonlis\u00e4veron 24%.<br \/>\nYli 20 kpl tilaukset toimitamme annettuun toimitusosoitteeseen (kotimaassa) veloituksetta. Alle 20 kpl tilauksista perimme toimitusmaksun 5,90\u20ac.<\/p>\n<p>Tilaaminen ja maksutavat<\/p>\n<p>Tilattavat tuotteet valitaan verkkosivuilla lis\u00e4\u00e4m\u00e4ll\u00e4 ne ostoskoriin. Tilaus l\u00e4hetet\u00e4\u00e4n maksamalla ostoskorin sis\u00e4lt\u00f6 verkkokaupan kassatoiminnossa. Tehdess\u00e4si tilauksen hyv\u00e4ksyt n\u00e4m\u00e4 toimitusehdot, tuotteiden hinnat sek\u00e4 toimituskulut. Mik\u00e4li tilaushetkell\u00e4 annetaan s\u00e4hk\u00f6postiosoite, tilauksesta l\u00e4hetet\u00e4\u00e4n tilausvahvistus s\u00e4hk\u00f6postitse. Tilausvahvistuksesta ilmenev\u00e4t tilatut tuotteet sek\u00e4 hinta. OMA KAMPANJA -ty\u00f6kalun kautta tilattaessa maksutapaa ei valita vaan pippa m. Oy toimittaa tilaajalle laskun annettuun laskutusosoitteeseen.<\/p>\n<p>Verkkokaupan maksuv\u00e4litt\u00e4j\u00e4n\u00e4 toimii Visma Pay (Paybyway Oy, y-tunnus 2486559-4), joka on rekister\u00f6ity Finanssivalvonnan yll\u00e4pit\u00e4m\u00e4\u00e4n maksulaitosrekisteriin. Maksamiseen siirryt\u00e4\u00e4n Visma Payn verkkopalvelun kautta ja tiliotteella ja laskulla maksun saajana n\u00e4kyy Visma Pay tai Paybyway Oy. Visma Pay v\u00e4litt\u00e4\u00e4 maksut verkkokauppiaalle. Maksaminen on turvallista, sill\u00e4 kaikki maksutapahtumaa koskevat tiedot v\u00e4litet\u00e4\u00e4n salattua yhteytt\u00e4 k\u00e4ytt\u00e4en niin ettei kukaan ulkopuolinen taho n\u00e4e maksutapahtuman tietoja. Kauppa syntyy verkkokaupan asiakkaan ja verkkokaupan v\u00e4lille. Verkkokaupan vastuulla ovat kaikki kauppaan liittyv\u00e4t velvoitteet. Lue lis\u00e4\u00e4 Visma Paysta: https:\/\/www.visma.fi\/vismapay\/<\/p>\n<p>Verkkokaupassamme on valittavana kolme maksutapaa:<\/p>\n<ul>\n<li>Korttimaksu yleisimmill\u00e4 pankki- ja luottokorteilla.<\/li>\n<li>Verkkopankkimaksu<\/li>\n<li>Laskutus, joka antaa maksulle 21 pv korotonta ja kulutonta maksuaikaa<\/li>\n<\/ul>\n<p>Visma Pay -palvelun kautta voit maksaa verkkopankkitunnuksilla, lompakolla ja maksukorteilla (credit\/debit). K\u00e4ytett\u00e4viss\u00e4 ovat seuraavat maksutavat: Osuuspankki, Nordea, Danske Bank, Oma S\u00e4\u00e4st\u00f6pankki, S\u00e4\u00e4st\u00f6pankki, Aktia, Paikallisosuuspankit, S-Pankki, Handelsbanken, \u00c5landsbanken, MobilePay, Masterpass, Pivo, Visa-, Visa Debit-, Visa Electron-, MasterCard- ja Debit MasterCard -kortit. MobilePay: Voit maksaa MobilePay-lompakollasi mik\u00e4li olet sallinut verkkokaupoissa maksamisen sovelluksen asetuksista. MobilePay-lompakolla suoritetut maksut veloitetaan lompakkoon liitetylt\u00e4 maksukortilta. Mik\u00e4li maksun veloittaminen maksukortilta ep\u00e4onnistuu, MobilePay-lompakolla maksaminen ei ole mahdollista verkkokaupassa. Pivo: K\u00e4ytt\u00f6ehdot ovat tarjolla Pivon sivuilla: https:\/\/pivo.fi\/kayttoehdot\/pivon-kayttoehdot\/<\/p>\n<p>Kauppa syntyy verkkokaupan asiakkaan ja verkkokaupan v\u00e4lille. Verkkokaupan vastuulla ovat kaikki kauppaan liittyv\u00e4t\u00a0 velvoitteet.<\/p>\n<p>Visma Pay -maksupalvelun yhteystiedot Visma Pay, Paybyway Oy (Y-tunnus 2486559-4) S\u00e4hk\u00f6posti: helpdesk@vismapay.com Puhelin: 09 315 42 037 (arkisin klo 8-16) Postiosoite: Laserkatu 6, 53850 Lappeenranta<\/p>\n<p>MobilePay: Voit maksaa MobilePay-lompakollasi, mik\u00e4li olet sallinut verkkokaupoissa maksamiset sovelluksen asetuksista. MobilePay-lompakolla suoritetut maksut veloitetaan lompakkoon liitetylt\u00e4 maksukortilta. Mik\u00e4li maksun veloittaminen maksukortilta ep\u00e4onnistuu, MobilePay-lompakolla maksaminen ei ole mahdollista verkkokaupassa.<\/p>\n<p>&nbsp;<\/p>\n<p>Toimitusaika<\/p>\n<p>Tuotteiden toimitusaika on 2-5 arkip\u00e4iv\u00e4\u00e4. Mik\u00e4li toimitusaika on pidempi, pyrkii pippa m. Oy ilmoittamaan siit\u00e4 v\u00e4litt\u00f6m\u00e4sti asiakkaalle. P\u00e4\u00e4s\u00e4\u00e4nt\u00f6isesti verkkokaupassa myyd\u00e4\u00e4n vain varastossa olevia tuotteita, jotka voidaan toimittaa heti. Tilauksia toimitetaan vain Suomeen.<\/p>\n<p>Palautusoikeus<\/p>\n<p>pippa m. verkkokaupasta tilatuilla tuotteilla on 14 p\u00e4iv\u00e4n vaihto- ja palautusoikeus, edellytt\u00e4en, ett\u00e4 tuote on k\u00e4ytt\u00e4m\u00e4t\u00f6n ja myyntikelpoinen. Palautukseen t\u00e4ytyy liitt\u00e4\u00e4 mukaan kopio l\u00e4hetteest\u00e4 ja palautuslomake, johon asiakas merkitsee nimens\u00e4, yhteystietonsa ja tilausnumeron. pippa m. Oy palauttaa tuotteesta maksetun hinnan asiakkaan ilmoittamalle pankkitilille v\u00e4litt\u00f6m\u00e4sti saatuaan palautuksen.<br \/>\nYhteydenotto palautuksen j\u00e4rjest\u00e4mist\u00e4 varten: <a href=\"mailto:info@pippam.fi\">info@pippam.fi<\/a><\/p>\n","protected":false},"excerpt":{"rendered":"<p>Seuraavat ehdot ovat voimassa asiakkaan ja pippa m. Oy:n v\u00e4lisess\u00e4 verkkokaupassa. Kaupan asiakkuus Jotta pippa m. verkkokaupasta tilaaminen onnistuu, on asiakkaan annettava tilauksen yhteydess\u00e4 yhteystietonsa pippa m. Oy:n asiakasrekisteriin. pippa m. Oy:n asiakastiedot ovat luottamuksellisia. pippa m. Oy luovuttaa yhteystietoja yrityksen ulkopuolelle vain v\u00e4ltt\u00e4m\u00e4tt\u00f6mille kumppaneille, kuten kuljetusliikkeelle, maksunv\u00e4litt\u00e4j\u00e4lle tai tilitoimistoon.\u00a0 Asiakkaalla on henkil\u00f6tietolain mukainen oikeus [&hellip;]<\/p>\n","protected":false},"author":2,"featured_media":0,"parent":6,"menu_order":0,"comment_status":"closed","ping_status":"closed","template":"","meta":{"footnotes":""},"class_list":["post-142","page","type-page","status-publish","hentry"],"yoast_head":"<!-- This site is optimized with the Yoast SEO plugin v27.3 - https:\/\/yoast.com\/product\/yoast-seo-wordpress\/ -->\n<title>Toimitus- ja sopimusehdot - pippa m.<\/title>\n<meta name=\"robots\" content=\"index, follow, max-snippet:-1, max-image-preview:large, max-video-preview:-1\" \/>\n<link rel=\"canonical\" href=\"https:\/\/pippam.fi\/?page_id=142\" \/>\n<meta property=\"og:locale\" content=\"fi_FI\" \/>\n<meta property=\"og:type\" content=\"article\" \/>\n<meta property=\"og:title\" content=\"Toimitus- ja sopimusehdot - pippa m.\" \/>\n<meta property=\"og:description\" content=\"Seuraavat ehdot ovat voimassa asiakkaan ja pippa m. Oy:n v\u00e4lisess\u00e4 verkkokaupassa. Kaupan asiakkuus Jotta pippa m. verkkokaupasta tilaaminen onnistuu, on asiakkaan annettava tilauksen yhteydess\u00e4 yhteystietonsa pippa m. Oy:n asiakasrekisteriin. pippa m. Oy:n asiakastiedot ovat luottamuksellisia. pippa m. Oy luovuttaa yhteystietoja yrityksen ulkopuolelle vain v\u00e4ltt\u00e4m\u00e4tt\u00f6mille kumppaneille, kuten kuljetusliikkeelle, maksunv\u00e4litt\u00e4j\u00e4lle tai tilitoimistoon.\u00a0 Asiakkaalla on henkil\u00f6tietolain mukainen oikeus [&hellip;]\" \/>\n<meta property=\"og:url\" content=\"https:\/\/pippam.fi\/?page_id=142\" \/>\n<meta property=\"og:site_name\" content=\"pippa m.\" \/>\n<meta property=\"article:publisher\" content=\"https:\/\/www.facebook.com\/pippam.fi\" \/>\n<meta property=\"article:modified_time\" content=\"2021-11-03T09:34:42+00:00\" \/>\n<meta name=\"twitter:card\" content=\"summary_large_image\" \/>\n<meta name=\"twitter:label1\" content=\"Arvioitu lukuaika\" \/>\n\t<meta name=\"twitter:data1\" content=\"3 minuuttia\" \/>\n<script type=\"application\/ld+json\" class=\"yoast-schema-graph\">{\"@context\":\"https:\\\/\\\/schema.org\",\"@graph\":[{\"@type\":\"WebPage\",\"@id\":\"https:\\\/\\\/pippam.fi\\\/?page_id=142\",\"url\":\"https:\\\/\\\/pippam.fi\\\/?page_id=142\",\"name\":\"Toimitus- ja sopimusehdot - pippa m.\",\"isPartOf\":{\"@id\":\"https:\\\/\\\/pippam.fi\\\/#website\"},\"datePublished\":\"2018-02-06T12:18:47+00:00\",\"dateModified\":\"2021-11-03T09:34:42+00:00\",\"breadcrumb\":{\"@id\":\"https:\\\/\\\/pippam.fi\\\/?page_id=142#breadcrumb\"},\"inLanguage\":\"fi\",\"potentialAction\":[{\"@type\":\"ReadAction\",\"target\":[\"https:\\\/\\\/pippam.fi\\\/?page_id=142\"]}]},{\"@type\":\"BreadcrumbList\",\"@id\":\"https:\\\/\\\/pippam.fi\\\/?page_id=142#breadcrumb\",\"itemListElement\":[{\"@type\":\"ListItem\",\"position\":1,\"name\":\"Etusivu\",\"item\":\"https:\\\/\\\/pippam.fi\\\/\"},{\"@type\":\"ListItem\",\"position\":2,\"name\":\"KAUPPA\",\"item\":\"https:\\\/\\\/pippam.fi\\\/?page_id=4\"},{\"@type\":\"ListItem\",\"position\":3,\"name\":\"KASSA\",\"item\":\"https:\\\/\\\/pippam.fi\\\/?page_id=6\"},{\"@type\":\"ListItem\",\"position\":4,\"name\":\"Toimitus- ja sopimusehdot\"}]},{\"@type\":\"WebSite\",\"@id\":\"https:\\\/\\\/pippam.fi\\\/#website\",\"url\":\"https:\\\/\\\/pippam.fi\\\/\",\"name\":\"pippa m.\",\"description\":\"Vastuullista varainhankintaa \u2013 varainkeruu luokille ja joukkueille | pippa m.\",\"publisher\":{\"@id\":\"https:\\\/\\\/pippam.fi\\\/#organization\"},\"potentialAction\":[{\"@type\":\"SearchAction\",\"target\":{\"@type\":\"EntryPoint\",\"urlTemplate\":\"https:\\\/\\\/pippam.fi\\\/?s={search_term_string}\"},\"query-input\":{\"@type\":\"PropertyValueSpecification\",\"valueRequired\":true,\"valueName\":\"search_term_string\"}}],\"inLanguage\":\"fi\"},{\"@type\":\"Organization\",\"@id\":\"https:\\\/\\\/pippam.fi\\\/#organization\",\"name\":\"pippa m.\",\"url\":\"https:\\\/\\\/pippam.fi\\\/\",\"logo\":{\"@type\":\"ImageObject\",\"inLanguage\":\"fi\",\"@id\":\"https:\\\/\\\/pippam.fi\\\/#\\\/schema\\\/logo\\\/image\\\/\",\"url\":\"https:\\\/\\\/pippam.fi\\\/wp-content\\\/uploads\\\/2018\\\/02\\\/cropped-pippa_m_registered_trademark-3.png\",\"contentUrl\":\"https:\\\/\\\/pippam.fi\\\/wp-content\\\/uploads\\\/2018\\\/02\\\/cropped-pippa_m_registered_trademark-3.png\",\"width\":508,\"height\":110,\"caption\":\"pippa m.\"},\"image\":{\"@id\":\"https:\\\/\\\/pippam.fi\\\/#\\\/schema\\\/logo\\\/image\\\/\"},\"sameAs\":[\"https:\\\/\\\/www.facebook.com\\\/pippam.fi\",\"https:\\\/\\\/www.instagram.com\\\/pippam.fi\"]}]}<\/script>\n<!-- \/ Yoast SEO plugin. -->","yoast_head_json":{"title":"Toimitus- ja sopimusehdot - pippa m.","robots":{"index":"index","follow":"follow","max-snippet":"max-snippet:-1","max-image-preview":"max-image-preview:large","max-video-preview":"max-video-preview:-1"},"canonical":"https:\/\/pippam.fi\/?page_id=142","og_locale":"fi_FI","og_type":"article","og_title":"Toimitus- ja sopimusehdot - pippa m.","og_description":"Seuraavat ehdot ovat voimassa asiakkaan ja pippa m. Oy:n v\u00e4lisess\u00e4 verkkokaupassa. Kaupan asiakkuus Jotta pippa m. verkkokaupasta tilaaminen onnistuu, on asiakkaan annettava tilauksen yhteydess\u00e4 yhteystietonsa pippa m. Oy:n asiakasrekisteriin. pippa m. Oy:n asiakastiedot ovat luottamuksellisia. pippa m. Oy luovuttaa yhteystietoja yrityksen ulkopuolelle vain v\u00e4ltt\u00e4m\u00e4tt\u00f6mille kumppaneille, kuten kuljetusliikkeelle, maksunv\u00e4litt\u00e4j\u00e4lle tai tilitoimistoon.\u00a0 Asiakkaalla on henkil\u00f6tietolain mukainen oikeus [&hellip;]","og_url":"https:\/\/pippam.fi\/?page_id=142","og_site_name":"pippa m.","article_publisher":"https:\/\/www.facebook.com\/pippam.fi","article_modified_time":"2021-11-03T09:34:42+00:00","twitter_card":"summary_large_image","twitter_misc":{"Arvioitu lukuaika":"3 minuuttia"},"schema":{"@context":"https:\/\/schema.org","@graph":[{"@type":"WebPage","@id":"https:\/\/pippam.fi\/?page_id=142","url":"https:\/\/pippam.fi\/?page_id=142","name":"Toimitus- ja sopimusehdot - pippa m.","isPartOf":{"@id":"https:\/\/pippam.fi\/#website"},"datePublished":"2018-02-06T12:18:47+00:00","dateModified":"2021-11-03T09:34:42+00:00","breadcrumb":{"@id":"https:\/\/pippam.fi\/?page_id=142#breadcrumb"},"inLanguage":"fi","potentialAction":[{"@type":"ReadAction","target":["https:\/\/pippam.fi\/?page_id=142"]}]},{"@type":"BreadcrumbList","@id":"https:\/\/pippam.fi\/?page_id=142#breadcrumb","itemListElement":[{"@type":"ListItem","position":1,"name":"Etusivu","item":"https:\/\/pippam.fi\/"},{"@type":"ListItem","position":2,"name":"KAUPPA","item":"https:\/\/pippam.fi\/?page_id=4"},{"@type":"ListItem","position":3,"name":"KASSA","item":"https:\/\/pippam.fi\/?page_id=6"},{"@type":"ListItem","position":4,"name":"Toimitus- ja sopimusehdot"}]},{"@type":"WebSite","@id":"https:\/\/pippam.fi\/#website","url":"https:\/\/pippam.fi\/","name":"pippa m.","description":"Vastuullista varainhankintaa \u2013 varainkeruu luokille ja joukkueille | pippa m.","publisher":{"@id":"https:\/\/pippam.fi\/#organization"},"potentialAction":[{"@type":"SearchAction","target":{"@type":"EntryPoint","urlTemplate":"https:\/\/pippam.fi\/?s={search_term_string}"},"query-input":{"@type":"PropertyValueSpecification","valueRequired":true,"valueName":"search_term_string"}}],"inLanguage":"fi"},{"@type":"Organization","@id":"https:\/\/pippam.fi\/#organization","name":"pippa m.","url":"https:\/\/pippam.fi\/","logo":{"@type":"ImageObject","inLanguage":"fi","@id":"https:\/\/pippam.fi\/#\/schema\/logo\/image\/","url":"https:\/\/pippam.fi\/wp-content\/uploads\/2018\/02\/cropped-pippa_m_registered_trademark-3.png","contentUrl":"https:\/\/pippam.fi\/wp-content\/uploads\/2018\/02\/cropped-pippa_m_registered_trademark-3.png","width":508,"height":110,"caption":"pippa m."},"image":{"@id":"https:\/\/pippam.fi\/#\/schema\/logo\/image\/"},"sameAs":["https:\/\/www.facebook.com\/pippam.fi","https:\/\/www.instagram.com\/pippam.fi"]}]}},"_links":{"self":[{"href":"https:\/\/pippam.fi\/index.php?rest_route=\/wp\/v2\/pages\/142","targetHints":{"allow":["GET"]}}],"collection":[{"href":"https:\/\/pippam.fi\/index.php?rest_route=\/wp\/v2\/pages"}],"about":[{"href":"https:\/\/pippam.fi\/index.php?rest_route=\/wp\/v2\/types\/page"}],"author":[{"embeddable":true,"href":"https:\/\/pippam.fi\/index.php?rest_route=\/wp\/v2\/users\/2"}],"replies":[{"embeddable":true,"href":"https:\/\/pippam.fi\/index.php?rest_route=%2Fwp%2Fv2%2Fcomments&post=142"}],"version-history":[{"count":15,"href":"https:\/\/pippam.fi\/index.php?rest_route=\/wp\/v2\/pages\/142\/revisions"}],"predecessor-version":[{"id":10899,"href":"https:\/\/pippam.fi\/index.php?rest_route=\/wp\/v2\/pages\/142\/revisions\/10899"}],"up":[{"embeddable":true,"href":"https:\/\/pippam.fi\/index.php?rest_route=\/wp\/v2\/pages\/6"}],"wp:attachment":[{"href":"https:\/\/pippam.fi\/index.php?rest_route=%2Fwp%2Fv2%2Fmedia&parent=142"}],"curies":[{"name":"wp","href":"https:\/\/api.w.org\/{rel}","templated":true}]}}