{"id":3403,"date":"2020-09-02T12:16:51","date_gmt":"2020-09-02T09:16:51","guid":{"rendered":"https:\/\/pippam.fi\/?page_id=3403"},"modified":"2025-08-21T13:34:52","modified_gmt":"2025-08-21T10:34:52","slug":"sahkoinen-myyntityokalu","status":"publish","type":"page","link":"https:\/\/pippam.fi\/?page_id=3403","title":{"rendered":"OMA KAMPANJA"},"content":{"rendered":"<h1><strong><a href=\"https:\/\/pippam.e-myyntityokalu.fi\/\">OMA KAMPANJA\u00a0 -helppoa varainhankintaa!<\/a><\/strong><\/h1>\n<p>Tervetuloa <a href=\"https:\/\/pippam.e-myyntityokalu.fi\/\">OMA KAMPANJA<\/a> -osioon. Helppoa varainhankintaa!<\/p>\n<p>T\u00e4\u00e4ll\u00e4 voit rekister\u00f6ity\u00e4 kampanjanne myyj\u00e4ksi tiiminvet\u00e4j\u00e4lt\u00e4 saamallasi kampanjatunnuksella ja PIN-koodilla. Jatkossa voit kirjautua omilla henkil\u00f6kohtaisilla tunnuksillasi.<\/p>\n<p>K\u00e4yt\u00f6ss\u00e4nne on my\u00f6s oman kampanjanne verkkokauppasivu. Oman verkkokauppalinkkinne kautta tukijanne voivat n\u00e4pytell\u00e4 omat tilauksensa suoraan verkkokauppaan, jolloin tilauslomakkeita tai viestiketjuja ei en\u00e4\u00e4 tarvita.<\/p>\n<p>Huomatkaa my\u00f6s mahdollisuus jakaa kampanjanne verkkokauppaa somessa tai s\u00e4hk\u00f6postitse.<\/p>\n<p>Kampanjanne verkkokaupan linkki\u00e4 kannattaa jakaa erityisesti suoraan henkil\u00f6kohtaisesti WhatsAppissa tai s\u00e4hk\u00f6postitse.<\/p>\n<p>Yleiset some-julkaisut kun saavat nykyisin niin h\u00e4vi\u00e4v\u00e4n v\u00e4h\u00e4n n\u00e4kyvyytt\u00e4 jopa omien seuraajien keskuudessa.<\/p>\n<p>Verkkokaupan kautta tulevat tilaukset kohdistuvat automaattisesti myyj\u00e4n jakaman linkin perusteella h\u00e4nen myynteihins\u00e4. Oman verkkokaupan avulla ostajat voivat viestittelyn sijaan suoraan n\u00e4pytell\u00e4 tilauksensa j\u00e4rjestelm\u00e4\u00e4n.<\/p>\n<p><b>Verkkokauppalinkkinne kautta tulleet tilaukset toimitetaan teille lopputilauksen yhteydess\u00e4.<\/b><\/p>\n<p>&nbsp;<\/p>\n<p>Katso, mink\u00e4laisia\u00a0<a href=\"https:\/\/pippam.fi\/?page_id=375\" target=\"_blank\" rel=\"noopener\">kokemuksia ryhmill\u00e4<\/a> on varainhankinnasta kanssamme.<\/p>\n<p><img loading=\"lazy\" decoding=\"async\" class=\"aligncenter size-large wp-image-11059\" src=\"https:\/\/pippam.fi\/wp-content\/uploads\/2022\/02\/Varainkeruu-verkossa-1024x759.jpg\" alt=\"\" width=\"980\" height=\"726\" srcset=\"https:\/\/pippam.fi\/wp-content\/uploads\/2022\/02\/Varainkeruu-verkossa-1024x759.jpg 1024w, https:\/\/pippam.fi\/wp-content\/uploads\/2022\/02\/Varainkeruu-verkossa-300x222.jpg 300w, https:\/\/pippam.fi\/wp-content\/uploads\/2022\/02\/Varainkeruu-verkossa-768x570.jpg 768w, https:\/\/pippam.fi\/wp-content\/uploads\/2022\/02\/Varainkeruu-verkossa-416x308.jpg 416w, https:\/\/pippam.fi\/wp-content\/uploads\/2022\/02\/Varainkeruu-verkossa.jpg 1095w\" sizes=\"auto, (max-width: 980px) 100vw, 980px\" \/><\/p>\n<p>&nbsp;<\/p>\n","protected":false},"excerpt":{"rendered":"<p>OMA KAMPANJA\u00a0 -helppoa varainhankintaa! Tervetuloa OMA KAMPANJA -osioon. Helppoa varainhankintaa! T\u00e4\u00e4ll\u00e4 voit rekister\u00f6ity\u00e4 kampanjanne myyj\u00e4ksi tiiminvet\u00e4j\u00e4lt\u00e4 saamallasi kampanjatunnuksella ja PIN-koodilla. Jatkossa voit kirjautua omilla henkil\u00f6kohtaisilla tunnuksillasi. K\u00e4yt\u00f6ss\u00e4nne on my\u00f6s oman kampanjanne verkkokauppasivu. Oman verkkokauppalinkkinne kautta tukijanne voivat n\u00e4pytell\u00e4 omat tilauksensa suoraan verkkokauppaan, jolloin tilauslomakkeita tai viestiketjuja ei en\u00e4\u00e4 tarvita. Huomatkaa my\u00f6s mahdollisuus jakaa kampanjanne verkkokauppaa [&hellip;]<\/p>\n","protected":false},"author":2,"featured_media":0,"parent":0,"menu_order":3,"comment_status":"closed","ping_status":"closed","template":"","meta":{"footnotes":""},"class_list":["post-3403","page","type-page","status-publish","hentry"],"yoast_head":"<!-- This site is optimized with the Yoast SEO plugin v27.3 - https:\/\/yoast.com\/product\/yoast-seo-wordpress\/ -->\n<title>OMA KAMPANJA - pippa m. Helppoa varainhankintaa<\/title>\n<meta name=\"description\" content=\"Helppoa varainhankintaa pippa m. OMA KAMPANJA:n avulla. S\u00e4hk\u00f6inen myyntity\u00f6kalu ja oma verkkokauppa tekee varainkeruustanne sujuvaa!\" \/>\n<meta name=\"robots\" content=\"index, follow, max-snippet:-1, max-image-preview:large, max-video-preview:-1\" \/>\n<link rel=\"canonical\" href=\"https:\/\/pippam.fi\/?page_id=3403\" \/>\n<meta property=\"og:locale\" content=\"fi_FI\" \/>\n<meta property=\"og:type\" content=\"article\" \/>\n<meta property=\"og:title\" content=\"OMA KAMPANJA - pippa m. Helppoa varainhankintaa\" \/>\n<meta property=\"og:description\" content=\"Helppoa varainhankintaa pippa m. OMA KAMPANJA:n avulla. S\u00e4hk\u00f6inen myyntity\u00f6kalu ja oma verkkokauppa tekee varainkeruustanne sujuvaa!\" \/>\n<meta property=\"og:url\" content=\"https:\/\/pippam.fi\/?page_id=3403\" \/>\n<meta property=\"og:site_name\" content=\"pippa m.\" \/>\n<meta property=\"article:publisher\" content=\"https:\/\/www.facebook.com\/pippam.fi\" \/>\n<meta property=\"article:modified_time\" content=\"2025-08-21T10:34:52+00:00\" \/>\n<meta property=\"og:image\" content=\"https:\/\/pippam.fi\/wp-content\/uploads\/2022\/02\/Varainkeruu-verkossa.jpg\" \/>\n\t<meta property=\"og:image:width\" content=\"1095\" \/>\n\t<meta property=\"og:image:height\" content=\"812\" \/>\n\t<meta property=\"og:image:type\" content=\"image\/jpeg\" \/>\n<meta name=\"twitter:card\" content=\"summary_large_image\" \/>\n<meta name=\"twitter:label1\" content=\"Arvioitu lukuaika\" \/>\n\t<meta name=\"twitter:data1\" content=\"1 minuutti\" \/>\n<script type=\"application\/ld+json\" class=\"yoast-schema-graph\">{\"@context\":\"https:\\\/\\\/schema.org\",\"@graph\":[{\"@type\":\"WebPage\",\"@id\":\"https:\\\/\\\/pippam.fi\\\/?page_id=3403\",\"url\":\"https:\\\/\\\/pippam.fi\\\/?page_id=3403\",\"name\":\"OMA KAMPANJA - pippa m. Helppoa varainhankintaa\",\"isPartOf\":{\"@id\":\"https:\\\/\\\/pippam.fi\\\/#website\"},\"primaryImageOfPage\":{\"@id\":\"https:\\\/\\\/pippam.fi\\\/?page_id=3403#primaryimage\"},\"image\":{\"@id\":\"https:\\\/\\\/pippam.fi\\\/?page_id=3403#primaryimage\"},\"thumbnailUrl\":\"https:\\\/\\\/pippam.fi\\\/wp-content\\\/uploads\\\/2022\\\/02\\\/Varainkeruu-verkossa-1024x759.jpg\",\"datePublished\":\"2020-09-02T09:16:51+00:00\",\"dateModified\":\"2025-08-21T10:34:52+00:00\",\"description\":\"Helppoa varainhankintaa pippa m. OMA KAMPANJA:n avulla. S\u00e4hk\u00f6inen myyntity\u00f6kalu ja oma verkkokauppa tekee varainkeruustanne sujuvaa!\",\"breadcrumb\":{\"@id\":\"https:\\\/\\\/pippam.fi\\\/?page_id=3403#breadcrumb\"},\"inLanguage\":\"fi\",\"potentialAction\":[{\"@type\":\"ReadAction\",\"target\":[\"https:\\\/\\\/pippam.fi\\\/?page_id=3403\"]}]},{\"@type\":\"ImageObject\",\"inLanguage\":\"fi\",\"@id\":\"https:\\\/\\\/pippam.fi\\\/?page_id=3403#primaryimage\",\"url\":\"https:\\\/\\\/pippam.fi\\\/wp-content\\\/uploads\\\/2022\\\/02\\\/Varainkeruu-verkossa.jpg\",\"contentUrl\":\"https:\\\/\\\/pippam.fi\\\/wp-content\\\/uploads\\\/2022\\\/02\\\/Varainkeruu-verkossa.jpg\",\"width\":1095,\"height\":812},{\"@type\":\"BreadcrumbList\",\"@id\":\"https:\\\/\\\/pippam.fi\\\/?page_id=3403#breadcrumb\",\"itemListElement\":[{\"@type\":\"ListItem\",\"position\":1,\"name\":\"Etusivu\",\"item\":\"https:\\\/\\\/pippam.fi\\\/\"},{\"@type\":\"ListItem\",\"position\":2,\"name\":\"OMA KAMPANJA\"}]},{\"@type\":\"WebSite\",\"@id\":\"https:\\\/\\\/pippam.fi\\\/#website\",\"url\":\"https:\\\/\\\/pippam.fi\\\/\",\"name\":\"pippa m.\",\"description\":\"Vastuullista varainhankintaa \u2013 varainkeruu luokille ja joukkueille | pippa m.\",\"publisher\":{\"@id\":\"https:\\\/\\\/pippam.fi\\\/#organization\"},\"potentialAction\":[{\"@type\":\"SearchAction\",\"target\":{\"@type\":\"EntryPoint\",\"urlTemplate\":\"https:\\\/\\\/pippam.fi\\\/?s={search_term_string}\"},\"query-input\":{\"@type\":\"PropertyValueSpecification\",\"valueRequired\":true,\"valueName\":\"search_term_string\"}}],\"inLanguage\":\"fi\"},{\"@type\":\"Organization\",\"@id\":\"https:\\\/\\\/pippam.fi\\\/#organization\",\"name\":\"pippa m.\",\"url\":\"https:\\\/\\\/pippam.fi\\\/\",\"logo\":{\"@type\":\"ImageObject\",\"inLanguage\":\"fi\",\"@id\":\"https:\\\/\\\/pippam.fi\\\/#\\\/schema\\\/logo\\\/image\\\/\",\"url\":\"https:\\\/\\\/pippam.fi\\\/wp-content\\\/uploads\\\/2018\\\/02\\\/cropped-pippa_m_registered_trademark-3.png\",\"contentUrl\":\"https:\\\/\\\/pippam.fi\\\/wp-content\\\/uploads\\\/2018\\\/02\\\/cropped-pippa_m_registered_trademark-3.png\",\"width\":508,\"height\":110,\"caption\":\"pippa m.\"},\"image\":{\"@id\":\"https:\\\/\\\/pippam.fi\\\/#\\\/schema\\\/logo\\\/image\\\/\"},\"sameAs\":[\"https:\\\/\\\/www.facebook.com\\\/pippam.fi\",\"https:\\\/\\\/www.instagram.com\\\/pippam.fi\"]}]}<\/script>\n<!-- \/ Yoast SEO plugin. -->","yoast_head_json":{"title":"OMA KAMPANJA - pippa m. Helppoa varainhankintaa","description":"Helppoa varainhankintaa pippa m. OMA KAMPANJA:n avulla. S\u00e4hk\u00f6inen myyntity\u00f6kalu ja oma verkkokauppa tekee varainkeruustanne sujuvaa!","robots":{"index":"index","follow":"follow","max-snippet":"max-snippet:-1","max-image-preview":"max-image-preview:large","max-video-preview":"max-video-preview:-1"},"canonical":"https:\/\/pippam.fi\/?page_id=3403","og_locale":"fi_FI","og_type":"article","og_title":"OMA KAMPANJA - pippa m. Helppoa varainhankintaa","og_description":"Helppoa varainhankintaa pippa m. OMA KAMPANJA:n avulla. S\u00e4hk\u00f6inen myyntity\u00f6kalu ja oma verkkokauppa tekee varainkeruustanne sujuvaa!","og_url":"https:\/\/pippam.fi\/?page_id=3403","og_site_name":"pippa m.","article_publisher":"https:\/\/www.facebook.com\/pippam.fi","article_modified_time":"2025-08-21T10:34:52+00:00","og_image":[{"width":1095,"height":812,"url":"https:\/\/pippam.fi\/wp-content\/uploads\/2022\/02\/Varainkeruu-verkossa.jpg","type":"image\/jpeg"}],"twitter_card":"summary_large_image","twitter_misc":{"Arvioitu lukuaika":"1 minuutti"},"schema":{"@context":"https:\/\/schema.org","@graph":[{"@type":"WebPage","@id":"https:\/\/pippam.fi\/?page_id=3403","url":"https:\/\/pippam.fi\/?page_id=3403","name":"OMA KAMPANJA - pippa m. Helppoa varainhankintaa","isPartOf":{"@id":"https:\/\/pippam.fi\/#website"},"primaryImageOfPage":{"@id":"https:\/\/pippam.fi\/?page_id=3403#primaryimage"},"image":{"@id":"https:\/\/pippam.fi\/?page_id=3403#primaryimage"},"thumbnailUrl":"https:\/\/pippam.fi\/wp-content\/uploads\/2022\/02\/Varainkeruu-verkossa-1024x759.jpg","datePublished":"2020-09-02T09:16:51+00:00","dateModified":"2025-08-21T10:34:52+00:00","description":"Helppoa varainhankintaa pippa m. OMA KAMPANJA:n avulla. S\u00e4hk\u00f6inen myyntity\u00f6kalu ja oma verkkokauppa tekee varainkeruustanne sujuvaa!","breadcrumb":{"@id":"https:\/\/pippam.fi\/?page_id=3403#breadcrumb"},"inLanguage":"fi","potentialAction":[{"@type":"ReadAction","target":["https:\/\/pippam.fi\/?page_id=3403"]}]},{"@type":"ImageObject","inLanguage":"fi","@id":"https:\/\/pippam.fi\/?page_id=3403#primaryimage","url":"https:\/\/pippam.fi\/wp-content\/uploads\/2022\/02\/Varainkeruu-verkossa.jpg","contentUrl":"https:\/\/pippam.fi\/wp-content\/uploads\/2022\/02\/Varainkeruu-verkossa.jpg","width":1095,"height":812},{"@type":"BreadcrumbList","@id":"https:\/\/pippam.fi\/?page_id=3403#breadcrumb","itemListElement":[{"@type":"ListItem","position":1,"name":"Etusivu","item":"https:\/\/pippam.fi\/"},{"@type":"ListItem","position":2,"name":"OMA KAMPANJA"}]},{"@type":"WebSite","@id":"https:\/\/pippam.fi\/#website","url":"https:\/\/pippam.fi\/","name":"pippa m.","description":"Vastuullista varainhankintaa \u2013 varainkeruu luokille ja joukkueille | pippa m.","publisher":{"@id":"https:\/\/pippam.fi\/#organization"},"potentialAction":[{"@type":"SearchAction","target":{"@type":"EntryPoint","urlTemplate":"https:\/\/pippam.fi\/?s={search_term_string}"},"query-input":{"@type":"PropertyValueSpecification","valueRequired":true,"valueName":"search_term_string"}}],"inLanguage":"fi"},{"@type":"Organization","@id":"https:\/\/pippam.fi\/#organization","name":"pippa m.","url":"https:\/\/pippam.fi\/","logo":{"@type":"ImageObject","inLanguage":"fi","@id":"https:\/\/pippam.fi\/#\/schema\/logo\/image\/","url":"https:\/\/pippam.fi\/wp-content\/uploads\/2018\/02\/cropped-pippa_m_registered_trademark-3.png","contentUrl":"https:\/\/pippam.fi\/wp-content\/uploads\/2018\/02\/cropped-pippa_m_registered_trademark-3.png","width":508,"height":110,"caption":"pippa m."},"image":{"@id":"https:\/\/pippam.fi\/#\/schema\/logo\/image\/"},"sameAs":["https:\/\/www.facebook.com\/pippam.fi","https:\/\/www.instagram.com\/pippam.fi"]}]}},"_links":{"self":[{"href":"https:\/\/pippam.fi\/index.php?rest_route=\/wp\/v2\/pages\/3403","targetHints":{"allow":["GET"]}}],"collection":[{"href":"https:\/\/pippam.fi\/index.php?rest_route=\/wp\/v2\/pages"}],"about":[{"href":"https:\/\/pippam.fi\/index.php?rest_route=\/wp\/v2\/types\/page"}],"author":[{"embeddable":true,"href":"https:\/\/pippam.fi\/index.php?rest_route=\/wp\/v2\/users\/2"}],"replies":[{"embeddable":true,"href":"https:\/\/pippam.fi\/index.php?rest_route=%2Fwp%2Fv2%2Fcomments&post=3403"}],"version-history":[{"count":19,"href":"https:\/\/pippam.fi\/index.php?rest_route=\/wp\/v2\/pages\/3403\/revisions"}],"predecessor-version":[{"id":12382,"href":"https:\/\/pippam.fi\/index.php?rest_route=\/wp\/v2\/pages\/3403\/revisions\/12382"}],"wp:attachment":[{"href":"https:\/\/pippam.fi\/index.php?rest_route=%2Fwp%2Fv2%2Fmedia&parent=3403"}],"curies":[{"name":"wp","href":"https:\/\/api.w.org\/{rel}","templated":true}]}}