{"id":37,"date":"2017-12-11T14:58:28","date_gmt":"2017-12-11T12:58:28","guid":{"rendered":"https:\/\/pippam.fi\/?page_id=37"},"modified":"2025-08-21T11:54:40","modified_gmt":"2025-08-21T08:54:40","slug":"pippa-m","status":"publish","type":"page","link":"https:\/\/pippam.fi\/","title":{"rendered":"PIPPA M."},"content":{"rendered":"<h1>Vastuullista varainhankintaa<\/h1>\n<h2>Varainkeruu yhteisesti mahdollistaa monen lapsen ja nuoren osallistumisen harrastuksiin ja odotetuille luokkaretkille tai kilpailumatkoille.<\/h2>\n<p>-Vastuullista varainhankintaa-<\/p>\n<p>Meille varainhankinnan kumppanina on ensisijaisen t\u00e4rke\u00e4\u00e4, ett\u00e4 voimme tarjota valikoiman laadukkaista materiaaleista ja raaka-aineista Suomessa valmistettuja tuotteita. Kannamme ylpe\u00e4n\u00e4 suomalaisesta ty\u00f6st\u00e4 kertovaa <strong>Avainlipputunnusta<\/strong> ja kuulumme <strong>Suomalaisen Ty\u00f6n Liittoon.\u00a0<\/strong><\/p>\n<p>Tuotteemme on valmistettu ymp\u00e4rist\u00f6\u00e4 kunnioittaen. Nestem\u00e4iset tuotteemme ovat biologisesti hajoavia ja paperituotteemme on painettu 100% tuulivoimalla sek\u00e4 myrkytt\u00f6mill\u00e4 elintarvikehyv\u00e4ksytyill\u00e4 v\u00e4reill\u00e4.<\/p>\n<p>Tuotteitamme voi hankkia vain tukeakseen varainkeruuta. Koska meill\u00e4 ei ole j\u00e4lleenmyyji\u00e4 tai muita v\u00e4lik\u00e4si\u00e4, varainhankintaa tekev\u00e4 ryhm\u00e4 saa itselleen kokonaismyynnist\u00e4 tuottoisan 30% osuuden.<\/p>\n<p><strong>Valitsemalla tuotteemme itselle tai lahjaksi tuetaan siis samalla varoja ker\u00e4\u00e4v\u00e4\u00e4 ryhm\u00e4\u00e4 sek\u00e4 ostetaan ty\u00f6t\u00e4 Suomeen!<\/strong><\/p>\n<h2>Toivotamme teid\u00e4t tervetulleeksi ker\u00e4\u00e4m\u00e4\u00e4n rahaa luokalle tai rahaa joukkueelle kanssamme.<\/h2>\n<p>&nbsp;<\/p>\n<p>Katso, mink\u00e4laisia\u00a0<a href=\"https:\/\/pippam.fi\/?page_id=375\" target=\"_blank\" rel=\"noopener\">kokemuksia ryhmill\u00e4<\/a> on varainhankinnasta kanssamme.<\/p>\n<div><\/div>\n<p><img loading=\"lazy\" decoding=\"async\" class=\"aligncenter wp-image-155\" src=\"https:\/\/pippam.fi\/wp-content\/uploads\/2018\/02\/tehtysuomessa_madein_musta_rgb-2.png\" alt=\"\" width=\"152\" height=\"124\" srcset=\"https:\/\/pippam.fi\/wp-content\/uploads\/2018\/02\/tehtysuomessa_madein_musta_rgb-2.png 2167w, https:\/\/pippam.fi\/wp-content\/uploads\/2018\/02\/tehtysuomessa_madein_musta_rgb-2-416x340.png 416w\" sizes=\"auto, (max-width: 152px) 100vw, 152px\" \/><\/p>\n<p>&nbsp;<\/p>\n<p><img loading=\"lazy\" decoding=\"async\" class=\"aligncenter size-large wp-image-1020\" src=\"https:\/\/pippam.fi\/wp-content\/uploads\/2019\/01\/STL_liiton_jasen_suomi_harmaa_rgb-1-1024x323.png\" alt=\"\" width=\"980\" height=\"309\" srcset=\"https:\/\/pippam.fi\/wp-content\/uploads\/2019\/01\/STL_liiton_jasen_suomi_harmaa_rgb-1-1024x323.png 1024w, https:\/\/pippam.fi\/wp-content\/uploads\/2019\/01\/STL_liiton_jasen_suomi_harmaa_rgb-1-300x95.png 300w, https:\/\/pippam.fi\/wp-content\/uploads\/2019\/01\/STL_liiton_jasen_suomi_harmaa_rgb-1-768x242.png 768w, https:\/\/pippam.fi\/wp-content\/uploads\/2019\/01\/STL_liiton_jasen_suomi_harmaa_rgb-1-416x131.png 416w\" sizes=\"auto, (max-width: 980px) 100vw, 980px\" \/><\/p>\n<p>Seuraa meit\u00e4 Instagramissa:\u00a0<a href=\"https:\/\/www.instagram.com\/pippam.fi\">https:\/\/www.instagram.com\/pippam.fi<\/a><\/p>\n<p>Seuraa meit\u00e4 Facebookissa:\u00a0<a href=\"https:\/\/www.facebook.com\/pippam.fi\">https:\/\/www.facebook.com\/pippam.fi<\/a><\/p>\n","protected":false},"excerpt":{"rendered":"<p>Vastuullista varainhankintaa Varainkeruu yhteisesti mahdollistaa monen lapsen ja nuoren osallistumisen harrastuksiin ja odotetuille luokkaretkille tai kilpailumatkoille. -Vastuullista varainhankintaa- Meille varainhankinnan kumppanina on ensisijaisen t\u00e4rke\u00e4\u00e4, ett\u00e4 voimme tarjota valikoiman laadukkaista materiaaleista ja raaka-aineista Suomessa valmistettuja tuotteita. Kannamme ylpe\u00e4n\u00e4 suomalaisesta ty\u00f6st\u00e4 kertovaa Avainlipputunnusta ja kuulumme Suomalaisen Ty\u00f6n Liittoon.\u00a0 Tuotteemme on valmistettu ymp\u00e4rist\u00f6\u00e4 kunnioittaen. Nestem\u00e4iset tuotteemme ovat biologisesti [&hellip;]<\/p>\n","protected":false},"author":2,"featured_media":11030,"parent":0,"menu_order":1,"comment_status":"closed","ping_status":"closed","template":"template-fullwidth.php","meta":{"footnotes":""},"class_list":["post-37","page","type-page","status-publish","has-post-thumbnail","hentry"],"yoast_head":"<!-- This site is optimized with the Yoast SEO plugin v27.3 - https:\/\/yoast.com\/product\/yoast-seo-wordpress\/ -->\n<title>PIPPA M. - pippa m. Varainhankintaa vastuullisesti<\/title>\n<meta name=\"description\" content=\"pippa m. tarjoaa kotimaisia, biohajoavia tuotteita \u2013 30 % myynnist\u00e4 ryhm\u00e4llesi. Varainhankintaa luokalle tai rahaa joukkueelle helposti ja vastuullisesti.\" \/>\n<meta name=\"robots\" content=\"index, follow, max-snippet:-1, max-image-preview:large, max-video-preview:-1\" \/>\n<link rel=\"canonical\" href=\"https:\/\/pippam.fi\/\" \/>\n<meta property=\"og:locale\" content=\"fi_FI\" \/>\n<meta property=\"og:type\" content=\"article\" \/>\n<meta property=\"og:title\" content=\"PIPPA M. - pippa m. Varainhankintaa vastuullisesti\" \/>\n<meta property=\"og:description\" content=\"pippa m. tarjoaa kotimaisia, biohajoavia tuotteita \u2013 30 % myynnist\u00e4 ryhm\u00e4llesi. Varainhankintaa luokalle tai rahaa joukkueelle helposti ja vastuullisesti.\" \/>\n<meta property=\"og:url\" content=\"https:\/\/pippam.fi\/\" \/>\n<meta property=\"og:site_name\" content=\"pippa m.\" \/>\n<meta property=\"article:publisher\" content=\"https:\/\/www.facebook.com\/pippam.fi\" \/>\n<meta property=\"article:modified_time\" content=\"2025-08-21T08:54:40+00:00\" \/>\n<meta property=\"og:image\" content=\"https:\/\/pippam.fi\/wp-content\/uploads\/2022\/02\/Varainhankinta-kasisaippua-musta.jpg\" \/>\n\t<meta property=\"og:image:width\" content=\"943\" \/>\n\t<meta property=\"og:image:height\" content=\"643\" \/>\n\t<meta property=\"og:image:type\" content=\"image\/jpeg\" \/>\n<meta name=\"twitter:card\" content=\"summary_large_image\" \/>\n<meta name=\"twitter:label1\" content=\"Arvioitu lukuaika\" \/>\n\t<meta name=\"twitter:data1\" content=\"2 minuuttia\" \/>\n<script type=\"application\/ld+json\" class=\"yoast-schema-graph\">{\"@context\":\"https:\\\/\\\/schema.org\",\"@graph\":[{\"@type\":\"WebPage\",\"@id\":\"https:\\\/\\\/pippam.fi\\\/\",\"url\":\"https:\\\/\\\/pippam.fi\\\/\",\"name\":\"PIPPA M. - pippa m. Varainhankintaa vastuullisesti\",\"isPartOf\":{\"@id\":\"https:\\\/\\\/pippam.fi\\\/#website\"},\"primaryImageOfPage\":{\"@id\":\"https:\\\/\\\/pippam.fi\\\/#primaryimage\"},\"image\":{\"@id\":\"https:\\\/\\\/pippam.fi\\\/#primaryimage\"},\"thumbnailUrl\":\"https:\\\/\\\/pippam.fi\\\/wp-content\\\/uploads\\\/2022\\\/02\\\/Varainhankinta-kasisaippua-musta.jpg\",\"datePublished\":\"2017-12-11T12:58:28+00:00\",\"dateModified\":\"2025-08-21T08:54:40+00:00\",\"description\":\"pippa m. tarjoaa kotimaisia, biohajoavia tuotteita \u2013 30 % myynnist\u00e4 ryhm\u00e4llesi. Varainhankintaa luokalle tai rahaa joukkueelle helposti ja vastuullisesti.\",\"breadcrumb\":{\"@id\":\"https:\\\/\\\/pippam.fi\\\/#breadcrumb\"},\"inLanguage\":\"fi\",\"potentialAction\":[{\"@type\":\"ReadAction\",\"target\":[\"https:\\\/\\\/pippam.fi\\\/\"]}]},{\"@type\":\"ImageObject\",\"inLanguage\":\"fi\",\"@id\":\"https:\\\/\\\/pippam.fi\\\/#primaryimage\",\"url\":\"https:\\\/\\\/pippam.fi\\\/wp-content\\\/uploads\\\/2022\\\/02\\\/Varainhankinta-kasisaippua-musta.jpg\",\"contentUrl\":\"https:\\\/\\\/pippam.fi\\\/wp-content\\\/uploads\\\/2022\\\/02\\\/Varainhankinta-kasisaippua-musta.jpg\",\"width\":943,\"height\":643},{\"@type\":\"BreadcrumbList\",\"@id\":\"https:\\\/\\\/pippam.fi\\\/#breadcrumb\",\"itemListElement\":[{\"@type\":\"ListItem\",\"position\":1,\"name\":\"Etusivu\",\"item\":\"https:\\\/\\\/pippam.fi\\\/\"},{\"@type\":\"ListItem\",\"position\":2,\"name\":\"PIPPA M.\"}]},{\"@type\":\"WebSite\",\"@id\":\"https:\\\/\\\/pippam.fi\\\/#website\",\"url\":\"https:\\\/\\\/pippam.fi\\\/\",\"name\":\"pippa m.\",\"description\":\"Vastuullista varainhankintaa \u2013 varainkeruu luokille ja joukkueille | pippa m.\",\"publisher\":{\"@id\":\"https:\\\/\\\/pippam.fi\\\/#organization\"},\"potentialAction\":[{\"@type\":\"SearchAction\",\"target\":{\"@type\":\"EntryPoint\",\"urlTemplate\":\"https:\\\/\\\/pippam.fi\\\/?s={search_term_string}\"},\"query-input\":{\"@type\":\"PropertyValueSpecification\",\"valueRequired\":true,\"valueName\":\"search_term_string\"}}],\"inLanguage\":\"fi\"},{\"@type\":\"Organization\",\"@id\":\"https:\\\/\\\/pippam.fi\\\/#organization\",\"name\":\"pippa m.\",\"url\":\"https:\\\/\\\/pippam.fi\\\/\",\"logo\":{\"@type\":\"ImageObject\",\"inLanguage\":\"fi\",\"@id\":\"https:\\\/\\\/pippam.fi\\\/#\\\/schema\\\/logo\\\/image\\\/\",\"url\":\"https:\\\/\\\/pippam.fi\\\/wp-content\\\/uploads\\\/2018\\\/02\\\/cropped-pippa_m_registered_trademark-3.png\",\"contentUrl\":\"https:\\\/\\\/pippam.fi\\\/wp-content\\\/uploads\\\/2018\\\/02\\\/cropped-pippa_m_registered_trademark-3.png\",\"width\":508,\"height\":110,\"caption\":\"pippa m.\"},\"image\":{\"@id\":\"https:\\\/\\\/pippam.fi\\\/#\\\/schema\\\/logo\\\/image\\\/\"},\"sameAs\":[\"https:\\\/\\\/www.facebook.com\\\/pippam.fi\",\"https:\\\/\\\/www.instagram.com\\\/pippam.fi\"]}]}<\/script>\n<!-- \/ Yoast SEO plugin. -->","yoast_head_json":{"title":"PIPPA M. - pippa m. Varainhankintaa vastuullisesti","description":"pippa m. tarjoaa kotimaisia, biohajoavia tuotteita \u2013 30 % myynnist\u00e4 ryhm\u00e4llesi. Varainhankintaa luokalle tai rahaa joukkueelle helposti ja vastuullisesti.","robots":{"index":"index","follow":"follow","max-snippet":"max-snippet:-1","max-image-preview":"max-image-preview:large","max-video-preview":"max-video-preview:-1"},"canonical":"https:\/\/pippam.fi\/","og_locale":"fi_FI","og_type":"article","og_title":"PIPPA M. - pippa m. Varainhankintaa vastuullisesti","og_description":"pippa m. tarjoaa kotimaisia, biohajoavia tuotteita \u2013 30 % myynnist\u00e4 ryhm\u00e4llesi. Varainhankintaa luokalle tai rahaa joukkueelle helposti ja vastuullisesti.","og_url":"https:\/\/pippam.fi\/","og_site_name":"pippa m.","article_publisher":"https:\/\/www.facebook.com\/pippam.fi","article_modified_time":"2025-08-21T08:54:40+00:00","og_image":[{"width":943,"height":643,"url":"https:\/\/pippam.fi\/wp-content\/uploads\/2022\/02\/Varainhankinta-kasisaippua-musta.jpg","type":"image\/jpeg"}],"twitter_card":"summary_large_image","twitter_misc":{"Arvioitu lukuaika":"2 minuuttia"},"schema":{"@context":"https:\/\/schema.org","@graph":[{"@type":"WebPage","@id":"https:\/\/pippam.fi\/","url":"https:\/\/pippam.fi\/","name":"PIPPA M. - pippa m. Varainhankintaa vastuullisesti","isPartOf":{"@id":"https:\/\/pippam.fi\/#website"},"primaryImageOfPage":{"@id":"https:\/\/pippam.fi\/#primaryimage"},"image":{"@id":"https:\/\/pippam.fi\/#primaryimage"},"thumbnailUrl":"https:\/\/pippam.fi\/wp-content\/uploads\/2022\/02\/Varainhankinta-kasisaippua-musta.jpg","datePublished":"2017-12-11T12:58:28+00:00","dateModified":"2025-08-21T08:54:40+00:00","description":"pippa m. tarjoaa kotimaisia, biohajoavia tuotteita \u2013 30 % myynnist\u00e4 ryhm\u00e4llesi. Varainhankintaa luokalle tai rahaa joukkueelle helposti ja vastuullisesti.","breadcrumb":{"@id":"https:\/\/pippam.fi\/#breadcrumb"},"inLanguage":"fi","potentialAction":[{"@type":"ReadAction","target":["https:\/\/pippam.fi\/"]}]},{"@type":"ImageObject","inLanguage":"fi","@id":"https:\/\/pippam.fi\/#primaryimage","url":"https:\/\/pippam.fi\/wp-content\/uploads\/2022\/02\/Varainhankinta-kasisaippua-musta.jpg","contentUrl":"https:\/\/pippam.fi\/wp-content\/uploads\/2022\/02\/Varainhankinta-kasisaippua-musta.jpg","width":943,"height":643},{"@type":"BreadcrumbList","@id":"https:\/\/pippam.fi\/#breadcrumb","itemListElement":[{"@type":"ListItem","position":1,"name":"Etusivu","item":"https:\/\/pippam.fi\/"},{"@type":"ListItem","position":2,"name":"PIPPA M."}]},{"@type":"WebSite","@id":"https:\/\/pippam.fi\/#website","url":"https:\/\/pippam.fi\/","name":"pippa m.","description":"Vastuullista varainhankintaa \u2013 varainkeruu luokille ja joukkueille | pippa m.","publisher":{"@id":"https:\/\/pippam.fi\/#organization"},"potentialAction":[{"@type":"SearchAction","target":{"@type":"EntryPoint","urlTemplate":"https:\/\/pippam.fi\/?s={search_term_string}"},"query-input":{"@type":"PropertyValueSpecification","valueRequired":true,"valueName":"search_term_string"}}],"inLanguage":"fi"},{"@type":"Organization","@id":"https:\/\/pippam.fi\/#organization","name":"pippa m.","url":"https:\/\/pippam.fi\/","logo":{"@type":"ImageObject","inLanguage":"fi","@id":"https:\/\/pippam.fi\/#\/schema\/logo\/image\/","url":"https:\/\/pippam.fi\/wp-content\/uploads\/2018\/02\/cropped-pippa_m_registered_trademark-3.png","contentUrl":"https:\/\/pippam.fi\/wp-content\/uploads\/2018\/02\/cropped-pippa_m_registered_trademark-3.png","width":508,"height":110,"caption":"pippa m."},"image":{"@id":"https:\/\/pippam.fi\/#\/schema\/logo\/image\/"},"sameAs":["https:\/\/www.facebook.com\/pippam.fi","https:\/\/www.instagram.com\/pippam.fi"]}]}},"_links":{"self":[{"href":"https:\/\/pippam.fi\/index.php?rest_route=\/wp\/v2\/pages\/37","targetHints":{"allow":["GET"]}}],"collection":[{"href":"https:\/\/pippam.fi\/index.php?rest_route=\/wp\/v2\/pages"}],"about":[{"href":"https:\/\/pippam.fi\/index.php?rest_route=\/wp\/v2\/types\/page"}],"author":[{"embeddable":true,"href":"https:\/\/pippam.fi\/index.php?rest_route=\/wp\/v2\/users\/2"}],"replies":[{"embeddable":true,"href":"https:\/\/pippam.fi\/index.php?rest_route=%2Fwp%2Fv2%2Fcomments&post=37"}],"version-history":[{"count":20,"href":"https:\/\/pippam.fi\/index.php?rest_route=\/wp\/v2\/pages\/37\/revisions"}],"predecessor-version":[{"id":12367,"href":"https:\/\/pippam.fi\/index.php?rest_route=\/wp\/v2\/pages\/37\/revisions\/12367"}],"wp:featuredmedia":[{"embeddable":true,"href":"https:\/\/pippam.fi\/index.php?rest_route=\/wp\/v2\/media\/11030"}],"wp:attachment":[{"href":"https:\/\/pippam.fi\/index.php?rest_route=%2Fwp%2Fv2%2Fmedia&parent=37"}],"curies":[{"name":"wp","href":"https:\/\/api.w.org\/{rel}","templated":true}]}}