{"id":58,"date":"2017-12-12T15:11:59","date_gmt":"2017-12-12T13:11:59","guid":{"rendered":"https:\/\/pippam.fi\/?page_id=58"},"modified":"2025-08-21T12:31:11","modified_gmt":"2025-08-21T09:31:11","slug":"aloita-varainhankinta","status":"publish","type":"page","link":"https:\/\/pippam.fi\/?page_id=58","title":{"rendered":"ALOITA VARAINHANKINTA"},"content":{"rendered":"<h1><strong><a href=\"https:\/\/pippam.fi\/?page_id=3403\">OMA KAMPANJA\u00a0 -helppo varainhankinta!<\/a><\/strong><\/h1>\n<h2><a href=\"https:\/\/pippam.e-myyntityokalu.fi\/\">OMA KAMPANJA<\/a> -ty\u00f6kalun avulla voitte luoda varainhankintakampanjan kolmella helpolla vaiheella. Aloita varainhankinta t\u00e4st\u00e4.<\/h2>\n<ol>\n<li>Rekister\u00f6idy tiiminvet\u00e4j\u00e4ksi <a href=\"https:\/\/pippam.e-myyntityokalu.fi\/\">OMA KAMPANJA<\/a> -osioon ja luo kampanja. Saat kampanjatunnuksen ja PIN-koodin jaettavaksi edelleen ryhm\u00e4nne myyjille.<\/li>\n<li>Tunnuksen ja PIN-koodin avulla myyj\u00e4t rekister\u00f6ityv\u00e4t kampanjaan ja saavat omat henkil\u00f6kohtaiset tunnukset kirjautumiseen jatkossa.<\/li>\n<li>Kirjatkaa tilauksia ja seuratkaa tavoitteenne toteutumista reaaliaikaisesti koko kampanjan ajan. Lopuksi tiiminvet\u00e4j\u00e4 klikkaa TEE LOPPUTILAUS -nappia ja se on siin\u00e4!<\/li>\n<\/ol>\n<p>Kun luotte uuden kampanjan, l\u00e4het\u00e4mme sek\u00e4 painetut myyntiesitteet sek\u00e4 s\u00e4hk\u00f6isen materiaalin k\u00e4ytt\u00f6\u00f6nne maksutta.<\/p>\n<p>Saatte my\u00f6s k\u00e4ytt\u00f6\u00f6nne oman kampanjanne verkkokauppasivun. Oman verkkokauppalinkkinne kautta tukijanne voivat n\u00e4pytell\u00e4 omat tilauksensa suoraan verkkokauppaan, jolloin tilauslomakkeita tai viestiketjuja ei en\u00e4\u00e4 tarvita. Varainhankinta on helppoa kanssamme!<\/p>\n<p><img loading=\"lazy\" decoding=\"async\" class=\"aligncenter size-full wp-image-11033\" src=\"https:\/\/pippam.fi\/wp-content\/uploads\/2022\/02\/Varainhankintaa-verkossa.jpg\" alt=\"\" width=\"812\" height=\"887\" srcset=\"https:\/\/pippam.fi\/wp-content\/uploads\/2022\/02\/Varainhankintaa-verkossa.jpg 812w, https:\/\/pippam.fi\/wp-content\/uploads\/2022\/02\/Varainhankintaa-verkossa-275x300.jpg 275w, https:\/\/pippam.fi\/wp-content\/uploads\/2022\/02\/Varainhankintaa-verkossa-768x839.jpg 768w, https:\/\/pippam.fi\/wp-content\/uploads\/2022\/02\/Varainhankintaa-verkossa-416x454.jpg 416w\" sizes=\"auto, (max-width: 812px) 100vw, 812px\" \/> <img loading=\"lazy\" decoding=\"async\" class=\"aligncenter size-large wp-image-11034\" src=\"https:\/\/pippam.fi\/wp-content\/uploads\/2022\/02\/Varainhankinta-verkkokauppa.jpg\" alt=\"\" width=\"812\" height=\"992\" srcset=\"https:\/\/pippam.fi\/wp-content\/uploads\/2022\/02\/Varainhankinta-verkkokauppa.jpg 812w, https:\/\/pippam.fi\/wp-content\/uploads\/2022\/02\/Varainhankinta-verkkokauppa-246x300.jpg 246w, https:\/\/pippam.fi\/wp-content\/uploads\/2022\/02\/Varainhankinta-verkkokauppa-768x938.jpg 768w, https:\/\/pippam.fi\/wp-content\/uploads\/2022\/02\/Varainhankinta-verkkokauppa-416x508.jpg 416w\" sizes=\"auto, (max-width: 812px) 100vw, 812px\" \/><\/p>\n<h2>Olitpa luokan vanhempi, joukkueenjohtaja tai muu ryhm\u00e4nne vastuuhenkil\u00f6 \u2014 me autamme sinua ker\u00e4\u00e4m\u00e4\u00e4n <strong>rahaa luokalle tai rahaa joukkueelle<\/strong> vastuullisella ja tuottoisalla tavalla.<\/h2>\n<p>&nbsp;<\/p>\n","protected":false},"excerpt":{"rendered":"<p>OMA KAMPANJA\u00a0 -helppo varainhankinta! OMA KAMPANJA -ty\u00f6kalun avulla voitte luoda varainhankintakampanjan kolmella helpolla vaiheella. Aloita varainhankinta t\u00e4st\u00e4. Rekister\u00f6idy tiiminvet\u00e4j\u00e4ksi OMA KAMPANJA -osioon ja luo kampanja. Saat kampanjatunnuksen ja PIN-koodin jaettavaksi edelleen ryhm\u00e4nne myyjille. Tunnuksen ja PIN-koodin avulla myyj\u00e4t rekister\u00f6ityv\u00e4t kampanjaan ja saavat omat henkil\u00f6kohtaiset tunnukset kirjautumiseen jatkossa. Kirjatkaa tilauksia ja seuratkaa tavoitteenne toteutumista reaaliaikaisesti koko [&hellip;]<\/p>\n","protected":false},"author":2,"featured_media":0,"parent":0,"menu_order":2,"comment_status":"closed","ping_status":"closed","template":"","meta":{"footnotes":""},"class_list":["post-58","page","type-page","status-publish","hentry"],"yoast_head":"<!-- This site is optimized with the Yoast SEO plugin v27.3 - https:\/\/yoast.com\/product\/yoast-seo-wordpress\/ -->\n<title>ALOITA VARAINHANKINTA - pippa m. Varainhankinta<\/title>\n<meta name=\"description\" content=\"Aloita varainhankinta helposti! pippa m. tarjoaa ryhmille aina 30% tuoton ja vastuulliset tuotteet varainkeruuseen.\" \/>\n<meta name=\"robots\" content=\"index, follow, max-snippet:-1, max-image-preview:large, max-video-preview:-1\" \/>\n<link rel=\"canonical\" href=\"https:\/\/pippam.fi\/?page_id=58\" \/>\n<meta property=\"og:locale\" content=\"fi_FI\" \/>\n<meta property=\"og:type\" content=\"article\" \/>\n<meta property=\"og:title\" content=\"ALOITA VARAINHANKINTA - pippa m. Varainhankinta\" \/>\n<meta property=\"og:description\" content=\"Aloita varainhankinta helposti! pippa m. tarjoaa ryhmille aina 30% tuoton ja vastuulliset tuotteet varainkeruuseen.\" \/>\n<meta property=\"og:url\" content=\"https:\/\/pippam.fi\/?page_id=58\" \/>\n<meta property=\"og:site_name\" content=\"pippa m.\" \/>\n<meta property=\"article:publisher\" content=\"https:\/\/www.facebook.com\/pippam.fi\" \/>\n<meta property=\"article:modified_time\" content=\"2025-08-21T09:31:11+00:00\" \/>\n<meta property=\"og:image\" content=\"https:\/\/pippam.fi\/wp-content\/uploads\/2022\/02\/Varainhankintaa-verkossa.jpg\" \/>\n\t<meta property=\"og:image:width\" content=\"812\" \/>\n\t<meta property=\"og:image:height\" content=\"887\" \/>\n\t<meta property=\"og:image:type\" content=\"image\/jpeg\" \/>\n<meta name=\"twitter:card\" content=\"summary_large_image\" \/>\n<meta name=\"twitter:label1\" content=\"Arvioitu lukuaika\" \/>\n\t<meta name=\"twitter:data1\" content=\"2 minuuttia\" \/>\n<script type=\"application\/ld+json\" class=\"yoast-schema-graph\">{\"@context\":\"https:\\\/\\\/schema.org\",\"@graph\":[{\"@type\":\"WebPage\",\"@id\":\"https:\\\/\\\/pippam.fi\\\/?page_id=58\",\"url\":\"https:\\\/\\\/pippam.fi\\\/?page_id=58\",\"name\":\"ALOITA VARAINHANKINTA - pippa m. Varainhankinta\",\"isPartOf\":{\"@id\":\"https:\\\/\\\/pippam.fi\\\/#website\"},\"primaryImageOfPage\":{\"@id\":\"https:\\\/\\\/pippam.fi\\\/?page_id=58#primaryimage\"},\"image\":{\"@id\":\"https:\\\/\\\/pippam.fi\\\/?page_id=58#primaryimage\"},\"thumbnailUrl\":\"https:\\\/\\\/pippam.fi\\\/wp-content\\\/uploads\\\/2022\\\/02\\\/Varainhankintaa-verkossa.jpg\",\"datePublished\":\"2017-12-12T13:11:59+00:00\",\"dateModified\":\"2025-08-21T09:31:11+00:00\",\"description\":\"Aloita varainhankinta helposti! pippa m. tarjoaa ryhmille aina 30% tuoton ja vastuulliset tuotteet varainkeruuseen.\",\"breadcrumb\":{\"@id\":\"https:\\\/\\\/pippam.fi\\\/?page_id=58#breadcrumb\"},\"inLanguage\":\"fi\",\"potentialAction\":[{\"@type\":\"ReadAction\",\"target\":[\"https:\\\/\\\/pippam.fi\\\/?page_id=58\"]}]},{\"@type\":\"ImageObject\",\"inLanguage\":\"fi\",\"@id\":\"https:\\\/\\\/pippam.fi\\\/?page_id=58#primaryimage\",\"url\":\"https:\\\/\\\/pippam.fi\\\/wp-content\\\/uploads\\\/2022\\\/02\\\/Varainhankintaa-verkossa.jpg\",\"contentUrl\":\"https:\\\/\\\/pippam.fi\\\/wp-content\\\/uploads\\\/2022\\\/02\\\/Varainhankintaa-verkossa.jpg\",\"width\":812,\"height\":887},{\"@type\":\"BreadcrumbList\",\"@id\":\"https:\\\/\\\/pippam.fi\\\/?page_id=58#breadcrumb\",\"itemListElement\":[{\"@type\":\"ListItem\",\"position\":1,\"name\":\"Etusivu\",\"item\":\"https:\\\/\\\/pippam.fi\\\/\"},{\"@type\":\"ListItem\",\"position\":2,\"name\":\"ALOITA VARAINHANKINTA\"}]},{\"@type\":\"WebSite\",\"@id\":\"https:\\\/\\\/pippam.fi\\\/#website\",\"url\":\"https:\\\/\\\/pippam.fi\\\/\",\"name\":\"pippa m.\",\"description\":\"Vastuullista varainhankintaa \u2013 varainkeruu luokille ja joukkueille | pippa m.\",\"publisher\":{\"@id\":\"https:\\\/\\\/pippam.fi\\\/#organization\"},\"potentialAction\":[{\"@type\":\"SearchAction\",\"target\":{\"@type\":\"EntryPoint\",\"urlTemplate\":\"https:\\\/\\\/pippam.fi\\\/?s={search_term_string}\"},\"query-input\":{\"@type\":\"PropertyValueSpecification\",\"valueRequired\":true,\"valueName\":\"search_term_string\"}}],\"inLanguage\":\"fi\"},{\"@type\":\"Organization\",\"@id\":\"https:\\\/\\\/pippam.fi\\\/#organization\",\"name\":\"pippa m.\",\"url\":\"https:\\\/\\\/pippam.fi\\\/\",\"logo\":{\"@type\":\"ImageObject\",\"inLanguage\":\"fi\",\"@id\":\"https:\\\/\\\/pippam.fi\\\/#\\\/schema\\\/logo\\\/image\\\/\",\"url\":\"https:\\\/\\\/pippam.fi\\\/wp-content\\\/uploads\\\/2018\\\/02\\\/cropped-pippa_m_registered_trademark-3.png\",\"contentUrl\":\"https:\\\/\\\/pippam.fi\\\/wp-content\\\/uploads\\\/2018\\\/02\\\/cropped-pippa_m_registered_trademark-3.png\",\"width\":508,\"height\":110,\"caption\":\"pippa m.\"},\"image\":{\"@id\":\"https:\\\/\\\/pippam.fi\\\/#\\\/schema\\\/logo\\\/image\\\/\"},\"sameAs\":[\"https:\\\/\\\/www.facebook.com\\\/pippam.fi\",\"https:\\\/\\\/www.instagram.com\\\/pippam.fi\"]}]}<\/script>\n<!-- \/ Yoast SEO plugin. -->","yoast_head_json":{"title":"ALOITA VARAINHANKINTA - pippa m. Varainhankinta","description":"Aloita varainhankinta helposti! pippa m. tarjoaa ryhmille aina 30% tuoton ja vastuulliset tuotteet varainkeruuseen.","robots":{"index":"index","follow":"follow","max-snippet":"max-snippet:-1","max-image-preview":"max-image-preview:large","max-video-preview":"max-video-preview:-1"},"canonical":"https:\/\/pippam.fi\/?page_id=58","og_locale":"fi_FI","og_type":"article","og_title":"ALOITA VARAINHANKINTA - pippa m. Varainhankinta","og_description":"Aloita varainhankinta helposti! pippa m. tarjoaa ryhmille aina 30% tuoton ja vastuulliset tuotteet varainkeruuseen.","og_url":"https:\/\/pippam.fi\/?page_id=58","og_site_name":"pippa m.","article_publisher":"https:\/\/www.facebook.com\/pippam.fi","article_modified_time":"2025-08-21T09:31:11+00:00","og_image":[{"width":812,"height":887,"url":"https:\/\/pippam.fi\/wp-content\/uploads\/2022\/02\/Varainhankintaa-verkossa.jpg","type":"image\/jpeg"}],"twitter_card":"summary_large_image","twitter_misc":{"Arvioitu lukuaika":"2 minuuttia"},"schema":{"@context":"https:\/\/schema.org","@graph":[{"@type":"WebPage","@id":"https:\/\/pippam.fi\/?page_id=58","url":"https:\/\/pippam.fi\/?page_id=58","name":"ALOITA VARAINHANKINTA - pippa m. Varainhankinta","isPartOf":{"@id":"https:\/\/pippam.fi\/#website"},"primaryImageOfPage":{"@id":"https:\/\/pippam.fi\/?page_id=58#primaryimage"},"image":{"@id":"https:\/\/pippam.fi\/?page_id=58#primaryimage"},"thumbnailUrl":"https:\/\/pippam.fi\/wp-content\/uploads\/2022\/02\/Varainhankintaa-verkossa.jpg","datePublished":"2017-12-12T13:11:59+00:00","dateModified":"2025-08-21T09:31:11+00:00","description":"Aloita varainhankinta helposti! pippa m. tarjoaa ryhmille aina 30% tuoton ja vastuulliset tuotteet varainkeruuseen.","breadcrumb":{"@id":"https:\/\/pippam.fi\/?page_id=58#breadcrumb"},"inLanguage":"fi","potentialAction":[{"@type":"ReadAction","target":["https:\/\/pippam.fi\/?page_id=58"]}]},{"@type":"ImageObject","inLanguage":"fi","@id":"https:\/\/pippam.fi\/?page_id=58#primaryimage","url":"https:\/\/pippam.fi\/wp-content\/uploads\/2022\/02\/Varainhankintaa-verkossa.jpg","contentUrl":"https:\/\/pippam.fi\/wp-content\/uploads\/2022\/02\/Varainhankintaa-verkossa.jpg","width":812,"height":887},{"@type":"BreadcrumbList","@id":"https:\/\/pippam.fi\/?page_id=58#breadcrumb","itemListElement":[{"@type":"ListItem","position":1,"name":"Etusivu","item":"https:\/\/pippam.fi\/"},{"@type":"ListItem","position":2,"name":"ALOITA VARAINHANKINTA"}]},{"@type":"WebSite","@id":"https:\/\/pippam.fi\/#website","url":"https:\/\/pippam.fi\/","name":"pippa m.","description":"Vastuullista varainhankintaa \u2013 varainkeruu luokille ja joukkueille | pippa m.","publisher":{"@id":"https:\/\/pippam.fi\/#organization"},"potentialAction":[{"@type":"SearchAction","target":{"@type":"EntryPoint","urlTemplate":"https:\/\/pippam.fi\/?s={search_term_string}"},"query-input":{"@type":"PropertyValueSpecification","valueRequired":true,"valueName":"search_term_string"}}],"inLanguage":"fi"},{"@type":"Organization","@id":"https:\/\/pippam.fi\/#organization","name":"pippa m.","url":"https:\/\/pippam.fi\/","logo":{"@type":"ImageObject","inLanguage":"fi","@id":"https:\/\/pippam.fi\/#\/schema\/logo\/image\/","url":"https:\/\/pippam.fi\/wp-content\/uploads\/2018\/02\/cropped-pippa_m_registered_trademark-3.png","contentUrl":"https:\/\/pippam.fi\/wp-content\/uploads\/2018\/02\/cropped-pippa_m_registered_trademark-3.png","width":508,"height":110,"caption":"pippa m."},"image":{"@id":"https:\/\/pippam.fi\/#\/schema\/logo\/image\/"},"sameAs":["https:\/\/www.facebook.com\/pippam.fi","https:\/\/www.instagram.com\/pippam.fi"]}]}},"_links":{"self":[{"href":"https:\/\/pippam.fi\/index.php?rest_route=\/wp\/v2\/pages\/58","targetHints":{"allow":["GET"]}}],"collection":[{"href":"https:\/\/pippam.fi\/index.php?rest_route=\/wp\/v2\/pages"}],"about":[{"href":"https:\/\/pippam.fi\/index.php?rest_route=\/wp\/v2\/types\/page"}],"author":[{"embeddable":true,"href":"https:\/\/pippam.fi\/index.php?rest_route=\/wp\/v2\/users\/2"}],"replies":[{"embeddable":true,"href":"https:\/\/pippam.fi\/index.php?rest_route=%2Fwp%2Fv2%2Fcomments&post=58"}],"version-history":[{"count":20,"href":"https:\/\/pippam.fi\/index.php?rest_route=\/wp\/v2\/pages\/58\/revisions"}],"predecessor-version":[{"id":12368,"href":"https:\/\/pippam.fi\/index.php?rest_route=\/wp\/v2\/pages\/58\/revisions\/12368"}],"wp:attachment":[{"href":"https:\/\/pippam.fi\/index.php?rest_route=%2Fwp%2Fv2%2Fmedia&parent=58"}],"curies":[{"name":"wp","href":"https:\/\/api.w.org\/{rel}","templated":true}]}}