{"id":10650,"date":"2021-09-23T11:40:55","date_gmt":"2021-09-23T08:40:55","guid":{"rendered":"https:\/\/pippam.fi\/?post_type=product&#038;p=10650"},"modified":"2023-09-15T11:29:01","modified_gmt":"2023-09-15T08:29:01","slug":"05-pippa-m-pellavapyyhe-hiekka","status":"publish","type":"product","link":"https:\/\/pippam.fi\/?product=05-pippa-m-pellavapyyhe-hiekka","title":{"rendered":"05. pippa m. kivipesty pellavapyyhe hiekka"},"content":{"rendered":"<p><strong>pippa m.<\/strong> kivipestyst\u00e4 pellavasta valmistettu k\u00e4sipyyhe on pehme\u00e4, eritt\u00e4in imukykyinen ja kuivuu nopeasti. Sen ominaisuudet vain paranevat k\u00e4yt\u00f6n ja pesukertojen my\u00f6t\u00e4.<\/p>\n<p>Pellava kest\u00e4\u00e4 hyvin kulutusta eik\u00e4 s\u00e4hk\u00f6isty.<\/p>\n<p><strong>pippa m. <\/strong>pellavapyyhe on valmistettu ekologisesti kasvaneesta kuidusta \u00d6ko-Tex 100 standardin mukaisesti Suomessa ja on avainlipputuote.<\/p>\n<p>Koko 70 x 50 cm<\/p>\n","protected":false},"excerpt":{"rendered":"<p><strong>pippa m.<\/strong> kivipestyst\u00e4 pellavasta valmistettu k\u00e4sipyyhe on pehme\u00e4, eritt\u00e4in imukykyinen ja kuivuu nopeasti. Sen ominaisuudet vain paranevat k\u00e4yt\u00f6n ja pesukertojen my\u00f6t\u00e4.<\/p>\n","protected":false},"featured_media":11070,"template":"","meta":[],"product_brand":[],"product_cat":[44],"product_tag":[66,67,68,64,65,43],"class_list":{"0":"post-10650","1":"product","2":"type-product","3":"status-publish","4":"has-post-thumbnail","6":"product_cat-uncategorized","7":"product_tag-kasipyyhe","8":"product_tag-keittiopyyhe","9":"product_tag-kivipesty-pellava","10":"product_tag-pellavapyyhe","11":"product_tag-pippa-m-pellavapyyhe","12":"product_tag-varainhankinta","14":"first","15":"instock","16":"taxable","17":"shipping-taxable","18":"purchasable","19":"product-type-simple"},"yoast_head":"<!-- This site is optimized with the Yoast SEO plugin v27.3 - https:\/\/yoast.com\/product\/yoast-seo-wordpress\/ -->\n<title>05. pippa m. kivipesty pellavapyyhe hiekka - pippa m.<\/title>\n<meta name=\"robots\" content=\"index, follow, max-snippet:-1, max-image-preview:large, max-video-preview:-1\" \/>\n<link rel=\"canonical\" href=\"https:\/\/pippam.fi\/?product=05-pippa-m-pellavapyyhe-hiekka\" \/>\n<meta property=\"og:locale\" content=\"fi_FI\" \/>\n<meta property=\"og:type\" content=\"article\" \/>\n<meta property=\"og:title\" content=\"05. pippa m. kivipesty pellavapyyhe hiekka - pippa m.\" \/>\n<meta property=\"og:description\" content=\"pippa m. kivipestyst\u00e4 pellavasta valmistettu k\u00e4sipyyhe on pehme\u00e4, eritt\u00e4in imukykyinen ja kuivuu nopeasti. Sen ominaisuudet vain paranevat k\u00e4yt\u00f6n ja pesukertojen my\u00f6t\u00e4.\" \/>\n<meta property=\"og:url\" content=\"https:\/\/pippam.fi\/?product=05-pippa-m-pellavapyyhe-hiekka\" \/>\n<meta property=\"og:site_name\" content=\"pippa m.\" \/>\n<meta property=\"article:publisher\" content=\"https:\/\/www.facebook.com\/pippam.fi\" \/>\n<meta property=\"article:modified_time\" content=\"2023-09-15T08:29:01+00:00\" \/>\n<meta property=\"og:image\" content=\"https:\/\/pippam.fi\/wp-content\/uploads\/2021\/09\/Varainkeruu-pyyhe-hiekka.png\" \/>\n\t<meta property=\"og:image:width\" content=\"1080\" \/>\n\t<meta property=\"og:image:height\" content=\"1051\" \/>\n\t<meta property=\"og:image:type\" content=\"image\/png\" \/>\n<meta name=\"twitter:card\" content=\"summary_large_image\" \/>\n<script type=\"application\/ld+json\" class=\"yoast-schema-graph\">{\"@context\":\"https:\\\/\\\/schema.org\",\"@graph\":[{\"@type\":\"WebPage\",\"@id\":\"https:\\\/\\\/pippam.fi\\\/?product=05-pippa-m-pellavapyyhe-hiekka\",\"url\":\"https:\\\/\\\/pippam.fi\\\/?product=05-pippa-m-pellavapyyhe-hiekka\",\"name\":\"05. pippa m. kivipesty pellavapyyhe hiekka - pippa m.\",\"isPartOf\":{\"@id\":\"https:\\\/\\\/pippam.fi\\\/#website\"},\"primaryImageOfPage\":{\"@id\":\"https:\\\/\\\/pippam.fi\\\/?product=05-pippa-m-pellavapyyhe-hiekka#primaryimage\"},\"image\":{\"@id\":\"https:\\\/\\\/pippam.fi\\\/?product=05-pippa-m-pellavapyyhe-hiekka#primaryimage\"},\"thumbnailUrl\":\"https:\\\/\\\/pippam.fi\\\/wp-content\\\/uploads\\\/2021\\\/09\\\/Varainkeruu-pyyhe-hiekka.png\",\"datePublished\":\"2021-09-23T08:40:55+00:00\",\"dateModified\":\"2023-09-15T08:29:01+00:00\",\"breadcrumb\":{\"@id\":\"https:\\\/\\\/pippam.fi\\\/?product=05-pippa-m-pellavapyyhe-hiekka#breadcrumb\"},\"inLanguage\":\"fi\",\"potentialAction\":[{\"@type\":\"ReadAction\",\"target\":[\"https:\\\/\\\/pippam.fi\\\/?product=05-pippa-m-pellavapyyhe-hiekka\"]}]},{\"@type\":\"ImageObject\",\"inLanguage\":\"fi\",\"@id\":\"https:\\\/\\\/pippam.fi\\\/?product=05-pippa-m-pellavapyyhe-hiekka#primaryimage\",\"url\":\"https:\\\/\\\/pippam.fi\\\/wp-content\\\/uploads\\\/2021\\\/09\\\/Varainkeruu-pyyhe-hiekka.png\",\"contentUrl\":\"https:\\\/\\\/pippam.fi\\\/wp-content\\\/uploads\\\/2021\\\/09\\\/Varainkeruu-pyyhe-hiekka.png\",\"width\":1080,\"height\":1051},{\"@type\":\"BreadcrumbList\",\"@id\":\"https:\\\/\\\/pippam.fi\\\/?product=05-pippa-m-pellavapyyhe-hiekka#breadcrumb\",\"itemListElement\":[{\"@type\":\"ListItem\",\"position\":1,\"name\":\"Etusivu\",\"item\":\"https:\\\/\\\/pippam.fi\\\/\"},{\"@type\":\"ListItem\",\"position\":2,\"name\":\"KAUPPA\",\"item\":\"https:\\\/\\\/pippam.fi\\\/?page_id=4\"},{\"@type\":\"ListItem\",\"position\":3,\"name\":\"05. pippa m. kivipesty pellavapyyhe hiekka\"}]},{\"@type\":\"WebSite\",\"@id\":\"https:\\\/\\\/pippam.fi\\\/#website\",\"url\":\"https:\\\/\\\/pippam.fi\\\/\",\"name\":\"pippa m.\",\"description\":\"Vastuullista varainhankintaa \u2013 varainkeruu luokille ja joukkueille | pippa m.\",\"publisher\":{\"@id\":\"https:\\\/\\\/pippam.fi\\\/#organization\"},\"potentialAction\":[{\"@type\":\"SearchAction\",\"target\":{\"@type\":\"EntryPoint\",\"urlTemplate\":\"https:\\\/\\\/pippam.fi\\\/?s={search_term_string}\"},\"query-input\":{\"@type\":\"PropertyValueSpecification\",\"valueRequired\":true,\"valueName\":\"search_term_string\"}}],\"inLanguage\":\"fi\"},{\"@type\":\"Organization\",\"@id\":\"https:\\\/\\\/pippam.fi\\\/#organization\",\"name\":\"pippa m.\",\"url\":\"https:\\\/\\\/pippam.fi\\\/\",\"logo\":{\"@type\":\"ImageObject\",\"inLanguage\":\"fi\",\"@id\":\"https:\\\/\\\/pippam.fi\\\/#\\\/schema\\\/logo\\\/image\\\/\",\"url\":\"https:\\\/\\\/pippam.fi\\\/wp-content\\\/uploads\\\/2018\\\/02\\\/cropped-pippa_m_registered_trademark-3.png\",\"contentUrl\":\"https:\\\/\\\/pippam.fi\\\/wp-content\\\/uploads\\\/2018\\\/02\\\/cropped-pippa_m_registered_trademark-3.png\",\"width\":508,\"height\":110,\"caption\":\"pippa m.\"},\"image\":{\"@id\":\"https:\\\/\\\/pippam.fi\\\/#\\\/schema\\\/logo\\\/image\\\/\"},\"sameAs\":[\"https:\\\/\\\/www.facebook.com\\\/pippam.fi\",\"https:\\\/\\\/www.instagram.com\\\/pippam.fi\"]}]}<\/script>\n<!-- \/ Yoast SEO plugin. -->","yoast_head_json":{"title":"05. pippa m. kivipesty pellavapyyhe hiekka - pippa m.","robots":{"index":"index","follow":"follow","max-snippet":"max-snippet:-1","max-image-preview":"max-image-preview:large","max-video-preview":"max-video-preview:-1"},"canonical":"https:\/\/pippam.fi\/?product=05-pippa-m-pellavapyyhe-hiekka","og_locale":"fi_FI","og_type":"article","og_title":"05. pippa m. kivipesty pellavapyyhe hiekka - pippa m.","og_description":"pippa m. kivipestyst\u00e4 pellavasta valmistettu k\u00e4sipyyhe on pehme\u00e4, eritt\u00e4in imukykyinen ja kuivuu nopeasti. Sen ominaisuudet vain paranevat k\u00e4yt\u00f6n ja pesukertojen my\u00f6t\u00e4.","og_url":"https:\/\/pippam.fi\/?product=05-pippa-m-pellavapyyhe-hiekka","og_site_name":"pippa m.","article_publisher":"https:\/\/www.facebook.com\/pippam.fi","article_modified_time":"2023-09-15T08:29:01+00:00","og_image":[{"width":1080,"height":1051,"url":"https:\/\/pippam.fi\/wp-content\/uploads\/2021\/09\/Varainkeruu-pyyhe-hiekka.png","type":"image\/png"}],"twitter_card":"summary_large_image","schema":{"@context":"https:\/\/schema.org","@graph":[{"@type":"WebPage","@id":"https:\/\/pippam.fi\/?product=05-pippa-m-pellavapyyhe-hiekka","url":"https:\/\/pippam.fi\/?product=05-pippa-m-pellavapyyhe-hiekka","name":"05. pippa m. kivipesty pellavapyyhe hiekka - pippa m.","isPartOf":{"@id":"https:\/\/pippam.fi\/#website"},"primaryImageOfPage":{"@id":"https:\/\/pippam.fi\/?product=05-pippa-m-pellavapyyhe-hiekka#primaryimage"},"image":{"@id":"https:\/\/pippam.fi\/?product=05-pippa-m-pellavapyyhe-hiekka#primaryimage"},"thumbnailUrl":"https:\/\/pippam.fi\/wp-content\/uploads\/2021\/09\/Varainkeruu-pyyhe-hiekka.png","datePublished":"2021-09-23T08:40:55+00:00","dateModified":"2023-09-15T08:29:01+00:00","breadcrumb":{"@id":"https:\/\/pippam.fi\/?product=05-pippa-m-pellavapyyhe-hiekka#breadcrumb"},"inLanguage":"fi","potentialAction":[{"@type":"ReadAction","target":["https:\/\/pippam.fi\/?product=05-pippa-m-pellavapyyhe-hiekka"]}]},{"@type":"ImageObject","inLanguage":"fi","@id":"https:\/\/pippam.fi\/?product=05-pippa-m-pellavapyyhe-hiekka#primaryimage","url":"https:\/\/pippam.fi\/wp-content\/uploads\/2021\/09\/Varainkeruu-pyyhe-hiekka.png","contentUrl":"https:\/\/pippam.fi\/wp-content\/uploads\/2021\/09\/Varainkeruu-pyyhe-hiekka.png","width":1080,"height":1051},{"@type":"BreadcrumbList","@id":"https:\/\/pippam.fi\/?product=05-pippa-m-pellavapyyhe-hiekka#breadcrumb","itemListElement":[{"@type":"ListItem","position":1,"name":"Etusivu","item":"https:\/\/pippam.fi\/"},{"@type":"ListItem","position":2,"name":"KAUPPA","item":"https:\/\/pippam.fi\/?page_id=4"},{"@type":"ListItem","position":3,"name":"05. pippa m. kivipesty pellavapyyhe hiekka"}]},{"@type":"WebSite","@id":"https:\/\/pippam.fi\/#website","url":"https:\/\/pippam.fi\/","name":"pippa m.","description":"Vastuullista varainhankintaa \u2013 varainkeruu luokille ja joukkueille | pippa m.","publisher":{"@id":"https:\/\/pippam.fi\/#organization"},"potentialAction":[{"@type":"SearchAction","target":{"@type":"EntryPoint","urlTemplate":"https:\/\/pippam.fi\/?s={search_term_string}"},"query-input":{"@type":"PropertyValueSpecification","valueRequired":true,"valueName":"search_term_string"}}],"inLanguage":"fi"},{"@type":"Organization","@id":"https:\/\/pippam.fi\/#organization","name":"pippa m.","url":"https:\/\/pippam.fi\/","logo":{"@type":"ImageObject","inLanguage":"fi","@id":"https:\/\/pippam.fi\/#\/schema\/logo\/image\/","url":"https:\/\/pippam.fi\/wp-content\/uploads\/2018\/02\/cropped-pippa_m_registered_trademark-3.png","contentUrl":"https:\/\/pippam.fi\/wp-content\/uploads\/2018\/02\/cropped-pippa_m_registered_trademark-3.png","width":508,"height":110,"caption":"pippa m."},"image":{"@id":"https:\/\/pippam.fi\/#\/schema\/logo\/image\/"},"sameAs":["https:\/\/www.facebook.com\/pippam.fi","https:\/\/www.instagram.com\/pippam.fi"]}]}},"_links":{"self":[{"href":"https:\/\/pippam.fi\/index.php?rest_route=\/wp\/v2\/product\/10650","targetHints":{"allow":["GET"]}}],"collection":[{"href":"https:\/\/pippam.fi\/index.php?rest_route=\/wp\/v2\/product"}],"about":[{"href":"https:\/\/pippam.fi\/index.php?rest_route=\/wp\/v2\/types\/product"}],"wp:featuredmedia":[{"embeddable":true,"href":"https:\/\/pippam.fi\/index.php?rest_route=\/wp\/v2\/media\/11070"}],"wp:attachment":[{"href":"https:\/\/pippam.fi\/index.php?rest_route=%2Fwp%2Fv2%2Fmedia&parent=10650"}],"wp:term":[{"taxonomy":"product_brand","embeddable":true,"href":"https:\/\/pippam.fi\/index.php?rest_route=%2Fwp%2Fv2%2Fproduct_brand&post=10650"},{"taxonomy":"product_cat","embeddable":true,"href":"https:\/\/pippam.fi\/index.php?rest_route=%2Fwp%2Fv2%2Fproduct_cat&post=10650"},{"taxonomy":"product_tag","embeddable":true,"href":"https:\/\/pippam.fi\/index.php?rest_route=%2Fwp%2Fv2%2Fproduct_tag&post=10650"}],"curies":[{"name":"wp","href":"https:\/\/api.w.org\/{rel}","templated":true}]}}