{"id":10654,"date":"2021-09-23T12:02:20","date_gmt":"2021-09-23T09:02:20","guid":{"rendered":"https:\/\/pippam.fi\/?post_type=product&#038;p=10654"},"modified":"2023-09-15T11:28:35","modified_gmt":"2023-09-15T08:28:35","slug":"07-pippa-m-pyykkietikka-puuvilla","status":"publish","type":"product","link":"https:\/\/pippam.fi\/?product=07-pippa-m-pyykkietikka-puuvilla","title":{"rendered":"07. pippa m. pyykkietikka puuvilla"},"content":{"rendered":"<p><strong>pippa m.<\/strong> pyykkietikkaa k\u00e4ytet\u00e4\u00e4n huuhteluaineena.<\/p>\n<p>Etikka pehment\u00e4\u00e4 pyykin sek\u00e4 poistaa s\u00e4hk\u00f6isyytt\u00e4 pit\u00e4en samalla v\u00e4rit kirkkaina ja pyykinpesukoneen raikkaana.<\/p>\n<p>Tuote sopii hyvin my\u00f6s pyyheliinoille ja elastaania sis\u00e4lt\u00e4ville tekstiileille. Pyykkietikka neutraloi ep\u00e4miellytt\u00e4v\u00e4t hajut j\u00e4tt\u00e4en puhtaaseen pyykkiin raikkaan puuvillan tuoksun.<\/p>\n<p>Raikastaa my\u00f6s pinttyneet urheiluvaatteet.<\/p>\n<p>&nbsp;<\/p>\n<p>Tuote on 99,7% biologisesti hajoava.<\/p>\n<p>Puuvillan tuoksu.<\/p>\n<p>500 ml pullo.<\/p>\n<p>Suomessa valmistettu avainlipputuote.<\/p>\n<p>&nbsp;<\/p>\n<p><a href=\"https:\/\/pippam.fi\/wp-content\/uploads\/2021\/09\/Pippa-M-Pyykkietikka_fi_ainesosat.pdf\">Ainesosat<\/a><\/p>\n","protected":false},"excerpt":{"rendered":"<p><strong>pippa m.<\/strong> pyykkietikka pehment\u00e4\u00e4 pyykin sek\u00e4 poistaa s\u00e4hk\u00f6isyytt\u00e4 pit\u00e4en samalla v\u00e4rit kirkkaina ja pyykinpesukoneen raikkaana.<\/p>\n","protected":false},"featured_media":11068,"template":"","meta":[],"product_brand":[],"product_cat":[44],"product_tag":[69,70,71,43],"class_list":{"0":"post-10654","1":"product","2":"type-product","3":"status-publish","4":"has-post-thumbnail","6":"product_cat-uncategorized","7":"product_tag-pippa-m-pyykkietikka","8":"product_tag-pyykkietikka","9":"product_tag-pyykkietikka-puuvilla","10":"product_tag-varainhankinta","12":"first","13":"instock","14":"taxable","15":"shipping-taxable","16":"purchasable","17":"product-type-simple"},"yoast_head":"<!-- This site is optimized with the Yoast SEO plugin v27.3 - https:\/\/yoast.com\/product\/yoast-seo-wordpress\/ -->\n<title>07. pippa m. pyykkietikka puuvilla - pippa m.<\/title>\n<meta name=\"robots\" content=\"index, follow, max-snippet:-1, max-image-preview:large, max-video-preview:-1\" \/>\n<link rel=\"canonical\" href=\"https:\/\/pippam.fi\/?product=07-pippa-m-pyykkietikka-puuvilla\" \/>\n<meta property=\"og:locale\" content=\"fi_FI\" \/>\n<meta property=\"og:type\" content=\"article\" \/>\n<meta property=\"og:title\" content=\"07. pippa m. pyykkietikka puuvilla - pippa m.\" \/>\n<meta property=\"og:description\" content=\"pippa m. pyykkietikka pehment\u00e4\u00e4 pyykin sek\u00e4 poistaa s\u00e4hk\u00f6isyytt\u00e4 pit\u00e4en samalla v\u00e4rit kirkkaina ja pyykinpesukoneen raikkaana.\" \/>\n<meta property=\"og:url\" content=\"https:\/\/pippam.fi\/?product=07-pippa-m-pyykkietikka-puuvilla\" \/>\n<meta property=\"og:site_name\" content=\"pippa m.\" \/>\n<meta property=\"article:publisher\" content=\"https:\/\/www.facebook.com\/pippam.fi\" \/>\n<meta property=\"article:modified_time\" content=\"2023-09-15T08:28:35+00:00\" \/>\n<meta property=\"og:image\" content=\"https:\/\/pippam.fi\/wp-content\/uploads\/2021\/09\/Varainkeruu-pyykkietikka.png\" \/>\n\t<meta property=\"og:image:width\" content=\"1080\" \/>\n\t<meta property=\"og:image:height\" content=\"1066\" \/>\n\t<meta property=\"og:image:type\" content=\"image\/png\" \/>\n<meta name=\"twitter:card\" content=\"summary_large_image\" \/>\n<script type=\"application\/ld+json\" class=\"yoast-schema-graph\">{\"@context\":\"https:\\\/\\\/schema.org\",\"@graph\":[{\"@type\":\"WebPage\",\"@id\":\"https:\\\/\\\/pippam.fi\\\/?product=07-pippa-m-pyykkietikka-puuvilla\",\"url\":\"https:\\\/\\\/pippam.fi\\\/?product=07-pippa-m-pyykkietikka-puuvilla\",\"name\":\"07. pippa m. pyykkietikka puuvilla - pippa m.\",\"isPartOf\":{\"@id\":\"https:\\\/\\\/pippam.fi\\\/#website\"},\"primaryImageOfPage\":{\"@id\":\"https:\\\/\\\/pippam.fi\\\/?product=07-pippa-m-pyykkietikka-puuvilla#primaryimage\"},\"image\":{\"@id\":\"https:\\\/\\\/pippam.fi\\\/?product=07-pippa-m-pyykkietikka-puuvilla#primaryimage\"},\"thumbnailUrl\":\"https:\\\/\\\/pippam.fi\\\/wp-content\\\/uploads\\\/2021\\\/09\\\/Varainkeruu-pyykkietikka.png\",\"datePublished\":\"2021-09-23T09:02:20+00:00\",\"dateModified\":\"2023-09-15T08:28:35+00:00\",\"breadcrumb\":{\"@id\":\"https:\\\/\\\/pippam.fi\\\/?product=07-pippa-m-pyykkietikka-puuvilla#breadcrumb\"},\"inLanguage\":\"fi\",\"potentialAction\":[{\"@type\":\"ReadAction\",\"target\":[\"https:\\\/\\\/pippam.fi\\\/?product=07-pippa-m-pyykkietikka-puuvilla\"]}]},{\"@type\":\"ImageObject\",\"inLanguage\":\"fi\",\"@id\":\"https:\\\/\\\/pippam.fi\\\/?product=07-pippa-m-pyykkietikka-puuvilla#primaryimage\",\"url\":\"https:\\\/\\\/pippam.fi\\\/wp-content\\\/uploads\\\/2021\\\/09\\\/Varainkeruu-pyykkietikka.png\",\"contentUrl\":\"https:\\\/\\\/pippam.fi\\\/wp-content\\\/uploads\\\/2021\\\/09\\\/Varainkeruu-pyykkietikka.png\",\"width\":1080,\"height\":1066},{\"@type\":\"BreadcrumbList\",\"@id\":\"https:\\\/\\\/pippam.fi\\\/?product=07-pippa-m-pyykkietikka-puuvilla#breadcrumb\",\"itemListElement\":[{\"@type\":\"ListItem\",\"position\":1,\"name\":\"Etusivu\",\"item\":\"https:\\\/\\\/pippam.fi\\\/\"},{\"@type\":\"ListItem\",\"position\":2,\"name\":\"KAUPPA\",\"item\":\"https:\\\/\\\/pippam.fi\\\/?page_id=4\"},{\"@type\":\"ListItem\",\"position\":3,\"name\":\"07. pippa m. pyykkietikka puuvilla\"}]},{\"@type\":\"WebSite\",\"@id\":\"https:\\\/\\\/pippam.fi\\\/#website\",\"url\":\"https:\\\/\\\/pippam.fi\\\/\",\"name\":\"pippa m.\",\"description\":\"Vastuullista varainhankintaa \u2013 varainkeruu luokille ja joukkueille | pippa m.\",\"publisher\":{\"@id\":\"https:\\\/\\\/pippam.fi\\\/#organization\"},\"potentialAction\":[{\"@type\":\"SearchAction\",\"target\":{\"@type\":\"EntryPoint\",\"urlTemplate\":\"https:\\\/\\\/pippam.fi\\\/?s={search_term_string}\"},\"query-input\":{\"@type\":\"PropertyValueSpecification\",\"valueRequired\":true,\"valueName\":\"search_term_string\"}}],\"inLanguage\":\"fi\"},{\"@type\":\"Organization\",\"@id\":\"https:\\\/\\\/pippam.fi\\\/#organization\",\"name\":\"pippa m.\",\"url\":\"https:\\\/\\\/pippam.fi\\\/\",\"logo\":{\"@type\":\"ImageObject\",\"inLanguage\":\"fi\",\"@id\":\"https:\\\/\\\/pippam.fi\\\/#\\\/schema\\\/logo\\\/image\\\/\",\"url\":\"https:\\\/\\\/pippam.fi\\\/wp-content\\\/uploads\\\/2018\\\/02\\\/cropped-pippa_m_registered_trademark-3.png\",\"contentUrl\":\"https:\\\/\\\/pippam.fi\\\/wp-content\\\/uploads\\\/2018\\\/02\\\/cropped-pippa_m_registered_trademark-3.png\",\"width\":508,\"height\":110,\"caption\":\"pippa m.\"},\"image\":{\"@id\":\"https:\\\/\\\/pippam.fi\\\/#\\\/schema\\\/logo\\\/image\\\/\"},\"sameAs\":[\"https:\\\/\\\/www.facebook.com\\\/pippam.fi\",\"https:\\\/\\\/www.instagram.com\\\/pippam.fi\"]}]}<\/script>\n<!-- \/ Yoast SEO plugin. -->","yoast_head_json":{"title":"07. pippa m. pyykkietikka puuvilla - pippa m.","robots":{"index":"index","follow":"follow","max-snippet":"max-snippet:-1","max-image-preview":"max-image-preview:large","max-video-preview":"max-video-preview:-1"},"canonical":"https:\/\/pippam.fi\/?product=07-pippa-m-pyykkietikka-puuvilla","og_locale":"fi_FI","og_type":"article","og_title":"07. pippa m. pyykkietikka puuvilla - pippa m.","og_description":"pippa m. pyykkietikka pehment\u00e4\u00e4 pyykin sek\u00e4 poistaa s\u00e4hk\u00f6isyytt\u00e4 pit\u00e4en samalla v\u00e4rit kirkkaina ja pyykinpesukoneen raikkaana.","og_url":"https:\/\/pippam.fi\/?product=07-pippa-m-pyykkietikka-puuvilla","og_site_name":"pippa m.","article_publisher":"https:\/\/www.facebook.com\/pippam.fi","article_modified_time":"2023-09-15T08:28:35+00:00","og_image":[{"width":1080,"height":1066,"url":"https:\/\/pippam.fi\/wp-content\/uploads\/2021\/09\/Varainkeruu-pyykkietikka.png","type":"image\/png"}],"twitter_card":"summary_large_image","schema":{"@context":"https:\/\/schema.org","@graph":[{"@type":"WebPage","@id":"https:\/\/pippam.fi\/?product=07-pippa-m-pyykkietikka-puuvilla","url":"https:\/\/pippam.fi\/?product=07-pippa-m-pyykkietikka-puuvilla","name":"07. pippa m. pyykkietikka puuvilla - pippa m.","isPartOf":{"@id":"https:\/\/pippam.fi\/#website"},"primaryImageOfPage":{"@id":"https:\/\/pippam.fi\/?product=07-pippa-m-pyykkietikka-puuvilla#primaryimage"},"image":{"@id":"https:\/\/pippam.fi\/?product=07-pippa-m-pyykkietikka-puuvilla#primaryimage"},"thumbnailUrl":"https:\/\/pippam.fi\/wp-content\/uploads\/2021\/09\/Varainkeruu-pyykkietikka.png","datePublished":"2021-09-23T09:02:20+00:00","dateModified":"2023-09-15T08:28:35+00:00","breadcrumb":{"@id":"https:\/\/pippam.fi\/?product=07-pippa-m-pyykkietikka-puuvilla#breadcrumb"},"inLanguage":"fi","potentialAction":[{"@type":"ReadAction","target":["https:\/\/pippam.fi\/?product=07-pippa-m-pyykkietikka-puuvilla"]}]},{"@type":"ImageObject","inLanguage":"fi","@id":"https:\/\/pippam.fi\/?product=07-pippa-m-pyykkietikka-puuvilla#primaryimage","url":"https:\/\/pippam.fi\/wp-content\/uploads\/2021\/09\/Varainkeruu-pyykkietikka.png","contentUrl":"https:\/\/pippam.fi\/wp-content\/uploads\/2021\/09\/Varainkeruu-pyykkietikka.png","width":1080,"height":1066},{"@type":"BreadcrumbList","@id":"https:\/\/pippam.fi\/?product=07-pippa-m-pyykkietikka-puuvilla#breadcrumb","itemListElement":[{"@type":"ListItem","position":1,"name":"Etusivu","item":"https:\/\/pippam.fi\/"},{"@type":"ListItem","position":2,"name":"KAUPPA","item":"https:\/\/pippam.fi\/?page_id=4"},{"@type":"ListItem","position":3,"name":"07. pippa m. pyykkietikka puuvilla"}]},{"@type":"WebSite","@id":"https:\/\/pippam.fi\/#website","url":"https:\/\/pippam.fi\/","name":"pippa m.","description":"Vastuullista varainhankintaa \u2013 varainkeruu luokille ja joukkueille | pippa m.","publisher":{"@id":"https:\/\/pippam.fi\/#organization"},"potentialAction":[{"@type":"SearchAction","target":{"@type":"EntryPoint","urlTemplate":"https:\/\/pippam.fi\/?s={search_term_string}"},"query-input":{"@type":"PropertyValueSpecification","valueRequired":true,"valueName":"search_term_string"}}],"inLanguage":"fi"},{"@type":"Organization","@id":"https:\/\/pippam.fi\/#organization","name":"pippa m.","url":"https:\/\/pippam.fi\/","logo":{"@type":"ImageObject","inLanguage":"fi","@id":"https:\/\/pippam.fi\/#\/schema\/logo\/image\/","url":"https:\/\/pippam.fi\/wp-content\/uploads\/2018\/02\/cropped-pippa_m_registered_trademark-3.png","contentUrl":"https:\/\/pippam.fi\/wp-content\/uploads\/2018\/02\/cropped-pippa_m_registered_trademark-3.png","width":508,"height":110,"caption":"pippa m."},"image":{"@id":"https:\/\/pippam.fi\/#\/schema\/logo\/image\/"},"sameAs":["https:\/\/www.facebook.com\/pippam.fi","https:\/\/www.instagram.com\/pippam.fi"]}]}},"_links":{"self":[{"href":"https:\/\/pippam.fi\/index.php?rest_route=\/wp\/v2\/product\/10654","targetHints":{"allow":["GET"]}}],"collection":[{"href":"https:\/\/pippam.fi\/index.php?rest_route=\/wp\/v2\/product"}],"about":[{"href":"https:\/\/pippam.fi\/index.php?rest_route=\/wp\/v2\/types\/product"}],"wp:featuredmedia":[{"embeddable":true,"href":"https:\/\/pippam.fi\/index.php?rest_route=\/wp\/v2\/media\/11068"}],"wp:attachment":[{"href":"https:\/\/pippam.fi\/index.php?rest_route=%2Fwp%2Fv2%2Fmedia&parent=10654"}],"wp:term":[{"taxonomy":"product_brand","embeddable":true,"href":"https:\/\/pippam.fi\/index.php?rest_route=%2Fwp%2Fv2%2Fproduct_brand&post=10654"},{"taxonomy":"product_cat","embeddable":true,"href":"https:\/\/pippam.fi\/index.php?rest_route=%2Fwp%2Fv2%2Fproduct_cat&post=10654"},{"taxonomy":"product_tag","embeddable":true,"href":"https:\/\/pippam.fi\/index.php?rest_route=%2Fwp%2Fv2%2Fproduct_tag&post=10654"}],"curies":[{"name":"wp","href":"https:\/\/api.w.org\/{rel}","templated":true}]}}