{"id":10662,"date":"2021-09-23T12:24:55","date_gmt":"2021-09-23T09:24:55","guid":{"rendered":"https:\/\/pippam.fi\/?post_type=product&#038;p=10662"},"modified":"2025-01-31T14:27:44","modified_gmt":"2025-01-31T12:27:44","slug":"11-pippa-m-kasivoide","status":"publish","type":"product","link":"https:\/\/pippam.fi\/?product=11-pippa-m-kasivoide","title":{"rendered":"10. pippa m. k\u00e4sivoide"},"content":{"rendered":"<p><strong>pippa m. <\/strong>miedon tuoksuinen k\u00e4sivoide auttaa suojaamaan ihoa ulkoisilta rasitteilta.<\/p>\n<p>Voide imeytyy nopeasti j\u00e4tt\u00e4en miellytt\u00e4v\u00e4n tunteen iholle.<\/p>\n<p>Pehment\u00e4\u00e4 ja kosteuttaa ihoa.<\/p>\n<p><strong>pH 6.<\/strong><\/p>\n<p>&nbsp;<\/p>\n<p>Tuote on 98,5% biologisesti hajoava.<\/p>\n<p>300 ml pumppupullo.<\/p>\n<p>Suomessa valmistettu avainlipputuote.<\/p>\n<p><a href=\"https:\/\/pippam.fi\/wp-content\/uploads\/2021\/09\/Pippa-M-Kasivoide_fi_ainesosat.pdf\">Ainesosat<\/a><\/p>\n","protected":false},"excerpt":{"rendered":"<p><strong>pippa m. <\/strong>miedon tuoksuinen k\u00e4sivoide auttaa suojaamaan ihoa ulkoisilta rasitteilta.<\/p>\n","protected":false},"featured_media":11065,"template":"","meta":[],"product_brand":[],"product_cat":[44],"product_tag":[80,81,79,82,92],"class_list":{"0":"post-10662","1":"product","2":"type-product","3":"status-publish","4":"has-post-thumbnail","6":"product_cat-uncategorized","7":"product_tag-kasivoide","8":"product_tag-kosteusvoide","9":"product_tag-pippa-m-kasivoide","10":"product_tag-suojaava-kasivoide","11":"product_tag-varainkeruu","13":"first","14":"instock","15":"taxable","16":"shipping-taxable","17":"purchasable","18":"product-type-simple"},"yoast_head":"<!-- This site is optimized with the Yoast SEO plugin v27.3 - https:\/\/yoast.com\/product\/yoast-seo-wordpress\/ -->\n<title>10. pippa m. k\u00e4sivoide - pippa m.<\/title>\n<meta name=\"robots\" content=\"index, follow, max-snippet:-1, max-image-preview:large, max-video-preview:-1\" \/>\n<link rel=\"canonical\" href=\"https:\/\/pippam.fi\/?product=11-pippa-m-kasivoide\" \/>\n<meta property=\"og:locale\" content=\"fi_FI\" \/>\n<meta property=\"og:type\" content=\"article\" \/>\n<meta property=\"og:title\" content=\"10. pippa m. k\u00e4sivoide - pippa m.\" \/>\n<meta property=\"og:description\" content=\"pippa m. miedon tuoksuinen k\u00e4sivoide auttaa suojaamaan ihoa ulkoisilta rasitteilta.\" \/>\n<meta property=\"og:url\" content=\"https:\/\/pippam.fi\/?product=11-pippa-m-kasivoide\" \/>\n<meta property=\"og:site_name\" content=\"pippa m.\" \/>\n<meta property=\"article:publisher\" content=\"https:\/\/www.facebook.com\/pippam.fi\" \/>\n<meta property=\"article:modified_time\" content=\"2025-01-31T12:27:44+00:00\" \/>\n<meta property=\"og:image\" content=\"https:\/\/pippam.fi\/wp-content\/uploads\/2021\/09\/Varainhankinta-kasivoide.png\" \/>\n\t<meta property=\"og:image:width\" content=\"812\" \/>\n\t<meta property=\"og:image:height\" content=\"819\" \/>\n\t<meta property=\"og:image:type\" content=\"image\/png\" \/>\n<meta name=\"twitter:card\" content=\"summary_large_image\" \/>\n<script type=\"application\/ld+json\" class=\"yoast-schema-graph\">{\"@context\":\"https:\\\/\\\/schema.org\",\"@graph\":[{\"@type\":\"WebPage\",\"@id\":\"https:\\\/\\\/pippam.fi\\\/?product=11-pippa-m-kasivoide\",\"url\":\"https:\\\/\\\/pippam.fi\\\/?product=11-pippa-m-kasivoide\",\"name\":\"10. pippa m. k\u00e4sivoide - pippa m.\",\"isPartOf\":{\"@id\":\"https:\\\/\\\/pippam.fi\\\/#website\"},\"primaryImageOfPage\":{\"@id\":\"https:\\\/\\\/pippam.fi\\\/?product=11-pippa-m-kasivoide#primaryimage\"},\"image\":{\"@id\":\"https:\\\/\\\/pippam.fi\\\/?product=11-pippa-m-kasivoide#primaryimage\"},\"thumbnailUrl\":\"https:\\\/\\\/pippam.fi\\\/wp-content\\\/uploads\\\/2021\\\/09\\\/Varainhankinta-kasivoide.png\",\"datePublished\":\"2021-09-23T09:24:55+00:00\",\"dateModified\":\"2025-01-31T12:27:44+00:00\",\"breadcrumb\":{\"@id\":\"https:\\\/\\\/pippam.fi\\\/?product=11-pippa-m-kasivoide#breadcrumb\"},\"inLanguage\":\"fi\",\"potentialAction\":[{\"@type\":\"ReadAction\",\"target\":[\"https:\\\/\\\/pippam.fi\\\/?product=11-pippa-m-kasivoide\"]}]},{\"@type\":\"ImageObject\",\"inLanguage\":\"fi\",\"@id\":\"https:\\\/\\\/pippam.fi\\\/?product=11-pippa-m-kasivoide#primaryimage\",\"url\":\"https:\\\/\\\/pippam.fi\\\/wp-content\\\/uploads\\\/2021\\\/09\\\/Varainhankinta-kasivoide.png\",\"contentUrl\":\"https:\\\/\\\/pippam.fi\\\/wp-content\\\/uploads\\\/2021\\\/09\\\/Varainhankinta-kasivoide.png\",\"width\":812,\"height\":819},{\"@type\":\"BreadcrumbList\",\"@id\":\"https:\\\/\\\/pippam.fi\\\/?product=11-pippa-m-kasivoide#breadcrumb\",\"itemListElement\":[{\"@type\":\"ListItem\",\"position\":1,\"name\":\"Etusivu\",\"item\":\"https:\\\/\\\/pippam.fi\\\/\"},{\"@type\":\"ListItem\",\"position\":2,\"name\":\"KAUPPA\",\"item\":\"https:\\\/\\\/pippam.fi\\\/?page_id=4\"},{\"@type\":\"ListItem\",\"position\":3,\"name\":\"10. pippa m. k\u00e4sivoide\"}]},{\"@type\":\"WebSite\",\"@id\":\"https:\\\/\\\/pippam.fi\\\/#website\",\"url\":\"https:\\\/\\\/pippam.fi\\\/\",\"name\":\"pippa m.\",\"description\":\"Vastuullista varainhankintaa \u2013 varainkeruu luokille ja joukkueille | pippa m.\",\"publisher\":{\"@id\":\"https:\\\/\\\/pippam.fi\\\/#organization\"},\"potentialAction\":[{\"@type\":\"SearchAction\",\"target\":{\"@type\":\"EntryPoint\",\"urlTemplate\":\"https:\\\/\\\/pippam.fi\\\/?s={search_term_string}\"},\"query-input\":{\"@type\":\"PropertyValueSpecification\",\"valueRequired\":true,\"valueName\":\"search_term_string\"}}],\"inLanguage\":\"fi\"},{\"@type\":\"Organization\",\"@id\":\"https:\\\/\\\/pippam.fi\\\/#organization\",\"name\":\"pippa m.\",\"url\":\"https:\\\/\\\/pippam.fi\\\/\",\"logo\":{\"@type\":\"ImageObject\",\"inLanguage\":\"fi\",\"@id\":\"https:\\\/\\\/pippam.fi\\\/#\\\/schema\\\/logo\\\/image\\\/\",\"url\":\"https:\\\/\\\/pippam.fi\\\/wp-content\\\/uploads\\\/2018\\\/02\\\/cropped-pippa_m_registered_trademark-3.png\",\"contentUrl\":\"https:\\\/\\\/pippam.fi\\\/wp-content\\\/uploads\\\/2018\\\/02\\\/cropped-pippa_m_registered_trademark-3.png\",\"width\":508,\"height\":110,\"caption\":\"pippa m.\"},\"image\":{\"@id\":\"https:\\\/\\\/pippam.fi\\\/#\\\/schema\\\/logo\\\/image\\\/\"},\"sameAs\":[\"https:\\\/\\\/www.facebook.com\\\/pippam.fi\",\"https:\\\/\\\/www.instagram.com\\\/pippam.fi\"]}]}<\/script>\n<!-- \/ Yoast SEO plugin. -->","yoast_head_json":{"title":"10. pippa m. k\u00e4sivoide - pippa m.","robots":{"index":"index","follow":"follow","max-snippet":"max-snippet:-1","max-image-preview":"max-image-preview:large","max-video-preview":"max-video-preview:-1"},"canonical":"https:\/\/pippam.fi\/?product=11-pippa-m-kasivoide","og_locale":"fi_FI","og_type":"article","og_title":"10. pippa m. k\u00e4sivoide - pippa m.","og_description":"pippa m. miedon tuoksuinen k\u00e4sivoide auttaa suojaamaan ihoa ulkoisilta rasitteilta.","og_url":"https:\/\/pippam.fi\/?product=11-pippa-m-kasivoide","og_site_name":"pippa m.","article_publisher":"https:\/\/www.facebook.com\/pippam.fi","article_modified_time":"2025-01-31T12:27:44+00:00","og_image":[{"width":812,"height":819,"url":"https:\/\/pippam.fi\/wp-content\/uploads\/2021\/09\/Varainhankinta-kasivoide.png","type":"image\/png"}],"twitter_card":"summary_large_image","schema":{"@context":"https:\/\/schema.org","@graph":[{"@type":"WebPage","@id":"https:\/\/pippam.fi\/?product=11-pippa-m-kasivoide","url":"https:\/\/pippam.fi\/?product=11-pippa-m-kasivoide","name":"10. pippa m. k\u00e4sivoide - pippa m.","isPartOf":{"@id":"https:\/\/pippam.fi\/#website"},"primaryImageOfPage":{"@id":"https:\/\/pippam.fi\/?product=11-pippa-m-kasivoide#primaryimage"},"image":{"@id":"https:\/\/pippam.fi\/?product=11-pippa-m-kasivoide#primaryimage"},"thumbnailUrl":"https:\/\/pippam.fi\/wp-content\/uploads\/2021\/09\/Varainhankinta-kasivoide.png","datePublished":"2021-09-23T09:24:55+00:00","dateModified":"2025-01-31T12:27:44+00:00","breadcrumb":{"@id":"https:\/\/pippam.fi\/?product=11-pippa-m-kasivoide#breadcrumb"},"inLanguage":"fi","potentialAction":[{"@type":"ReadAction","target":["https:\/\/pippam.fi\/?product=11-pippa-m-kasivoide"]}]},{"@type":"ImageObject","inLanguage":"fi","@id":"https:\/\/pippam.fi\/?product=11-pippa-m-kasivoide#primaryimage","url":"https:\/\/pippam.fi\/wp-content\/uploads\/2021\/09\/Varainhankinta-kasivoide.png","contentUrl":"https:\/\/pippam.fi\/wp-content\/uploads\/2021\/09\/Varainhankinta-kasivoide.png","width":812,"height":819},{"@type":"BreadcrumbList","@id":"https:\/\/pippam.fi\/?product=11-pippa-m-kasivoide#breadcrumb","itemListElement":[{"@type":"ListItem","position":1,"name":"Etusivu","item":"https:\/\/pippam.fi\/"},{"@type":"ListItem","position":2,"name":"KAUPPA","item":"https:\/\/pippam.fi\/?page_id=4"},{"@type":"ListItem","position":3,"name":"10. pippa m. k\u00e4sivoide"}]},{"@type":"WebSite","@id":"https:\/\/pippam.fi\/#website","url":"https:\/\/pippam.fi\/","name":"pippa m.","description":"Vastuullista varainhankintaa \u2013 varainkeruu luokille ja joukkueille | pippa m.","publisher":{"@id":"https:\/\/pippam.fi\/#organization"},"potentialAction":[{"@type":"SearchAction","target":{"@type":"EntryPoint","urlTemplate":"https:\/\/pippam.fi\/?s={search_term_string}"},"query-input":{"@type":"PropertyValueSpecification","valueRequired":true,"valueName":"search_term_string"}}],"inLanguage":"fi"},{"@type":"Organization","@id":"https:\/\/pippam.fi\/#organization","name":"pippa m.","url":"https:\/\/pippam.fi\/","logo":{"@type":"ImageObject","inLanguage":"fi","@id":"https:\/\/pippam.fi\/#\/schema\/logo\/image\/","url":"https:\/\/pippam.fi\/wp-content\/uploads\/2018\/02\/cropped-pippa_m_registered_trademark-3.png","contentUrl":"https:\/\/pippam.fi\/wp-content\/uploads\/2018\/02\/cropped-pippa_m_registered_trademark-3.png","width":508,"height":110,"caption":"pippa m."},"image":{"@id":"https:\/\/pippam.fi\/#\/schema\/logo\/image\/"},"sameAs":["https:\/\/www.facebook.com\/pippam.fi","https:\/\/www.instagram.com\/pippam.fi"]}]}},"_links":{"self":[{"href":"https:\/\/pippam.fi\/index.php?rest_route=\/wp\/v2\/product\/10662","targetHints":{"allow":["GET"]}}],"collection":[{"href":"https:\/\/pippam.fi\/index.php?rest_route=\/wp\/v2\/product"}],"about":[{"href":"https:\/\/pippam.fi\/index.php?rest_route=\/wp\/v2\/types\/product"}],"wp:featuredmedia":[{"embeddable":true,"href":"https:\/\/pippam.fi\/index.php?rest_route=\/wp\/v2\/media\/11065"}],"wp:attachment":[{"href":"https:\/\/pippam.fi\/index.php?rest_route=%2Fwp%2Fv2%2Fmedia&parent=10662"}],"wp:term":[{"taxonomy":"product_brand","embeddable":true,"href":"https:\/\/pippam.fi\/index.php?rest_route=%2Fwp%2Fv2%2Fproduct_brand&post=10662"},{"taxonomy":"product_cat","embeddable":true,"href":"https:\/\/pippam.fi\/index.php?rest_route=%2Fwp%2Fv2%2Fproduct_cat&post=10662"},{"taxonomy":"product_tag","embeddable":true,"href":"https:\/\/pippam.fi\/index.php?rest_route=%2Fwp%2Fv2%2Fproduct_tag&post=10662"}],"curies":[{"name":"wp","href":"https:\/\/api.w.org\/{rel}","templated":true}]}}