{"id":32,"date":"2017-01-11T14:35:56","date_gmt":"2017-01-11T12:35:56","guid":{"rendered":"https:\/\/pippam.fi\/?post_type=product&#038;p=32"},"modified":"2023-09-15T11:29:38","modified_gmt":"2023-09-15T08:29:38","slug":"pippa-m-astianpesuaine-kasitiskiin","status":"publish","type":"product","link":"https:\/\/pippam.fi\/?product=pippa-m-astianpesuaine-kasitiskiin","title":{"rendered":"01. pippa m. astianpesuaine k\u00e4sitiskiin"},"content":{"rendered":"<p><strong>pippa m<\/strong>. astianpesuaine k\u00e4sitiskiin on neutraali puhdistusaine, joka soveltuu astian- ja ikkunanpesuun sek\u00e4 kalusteiden ja maalattujen pintojen puhdistukseen.<\/p>\n<p>Astianpesu on tehokasta kovassakin vedess\u00e4 ja k\u00e4ytt\u00f6liuos on yst\u00e4v\u00e4llinen iholle ja aroillekin pinnoille.<\/p>\n<p>Mieto saippuainen tuoksu.<\/p>\n<p>500 ml pumppupullo<\/p>\n<p>Suomessa valmistettu avainlipputuote.<\/p>\n<p>&nbsp;<\/p>\n<p>&nbsp;<\/p>\n<p><a href=\"https:\/\/pippam.fi\/wp-content\/uploads\/2017\/01\/Pippa-M-Tiskiaine_fi_ainesosaluettelo.pdf\">Ainesosat<\/a><\/p>\n<p><a href=\"https:\/\/pippam.fi\/wp-content\/uploads\/2017\/01\/Pippa-M-Tiskiaine_fi-FI13.9.2022.pdf\">K\u00e4ytt\u00f6turvallisuustiedote<\/a><\/p>\n<p><a href=\"https:\/\/pippam.fi\/wp-content\/uploads\/2017\/01\/Pippa-M-Tiskiaine-Handdiskmedel_sv-FI13.9.2022.pdf\">S\u00e4kerhetsdatablad<\/a><\/p>\n","protected":false},"excerpt":{"rendered":"<p><strong>pippa m<\/strong>. astianpesuaine k\u00e4sitiskiin on neutraali puhdistusaine, joka soveltuu astian- ja ikkunanpesuun sek\u00e4 kalusteiden ja maalattujen pintojen puhdistukseen.<\/p>\n","protected":false},"featured_media":11073,"template":"","meta":[],"product_brand":[],"product_cat":[44],"product_tag":[21,23,22,52,51,20,19,94],"class_list":{"0":"post-32","1":"product","2":"type-product","3":"status-publish","4":"has-post-thumbnail","6":"product_cat-uncategorized","7":"product_tag-astianpesuaine","8":"product_tag-kasitiski","9":"product_tag-kasitiskiaine","10":"product_tag-musta-astianpesuaine","11":"product_tag-musta-tiskiaine","12":"product_tag-pippa-m","13":"product_tag-pippa-m-astianpesuaine","14":"product_tag-varainhankintaa","16":"first","17":"instock","18":"taxable","19":"shipping-taxable","20":"purchasable","21":"product-type-simple"},"yoast_head":"<!-- This site is optimized with the Yoast SEO plugin v27.3 - https:\/\/yoast.com\/product\/yoast-seo-wordpress\/ -->\n<title>01. pippa m. astianpesuaine k\u00e4sitiskiin - pippa m.<\/title>\n<meta name=\"robots\" content=\"index, follow, max-snippet:-1, max-image-preview:large, max-video-preview:-1\" \/>\n<link rel=\"canonical\" href=\"https:\/\/pippam.fi\/?product=pippa-m-astianpesuaine-kasitiskiin\" \/>\n<meta property=\"og:locale\" content=\"fi_FI\" \/>\n<meta property=\"og:type\" content=\"article\" \/>\n<meta property=\"og:title\" content=\"01. pippa m. astianpesuaine k\u00e4sitiskiin - pippa m.\" \/>\n<meta property=\"og:description\" content=\"pippa m. astianpesuaine k\u00e4sitiskiin on neutraali puhdistusaine, joka soveltuu astian- ja ikkunanpesuun sek\u00e4 kalusteiden ja maalattujen pintojen puhdistukseen.\" \/>\n<meta property=\"og:url\" content=\"https:\/\/pippam.fi\/?product=pippa-m-astianpesuaine-kasitiskiin\" \/>\n<meta property=\"og:site_name\" content=\"pippa m.\" \/>\n<meta property=\"article:publisher\" content=\"https:\/\/www.facebook.com\/pippam.fi\" \/>\n<meta property=\"article:modified_time\" content=\"2023-09-15T08:29:38+00:00\" \/>\n<meta property=\"og:image\" content=\"https:\/\/pippam.fi\/wp-content\/uploads\/2017\/01\/Varainhankintaa-tiskiaine.png\" \/>\n\t<meta property=\"og:image:width\" content=\"1080\" \/>\n\t<meta property=\"og:image:height\" content=\"1080\" \/>\n\t<meta property=\"og:image:type\" content=\"image\/png\" \/>\n<meta name=\"twitter:card\" content=\"summary_large_image\" \/>\n<script type=\"application\/ld+json\" class=\"yoast-schema-graph\">{\"@context\":\"https:\\\/\\\/schema.org\",\"@graph\":[{\"@type\":\"WebPage\",\"@id\":\"https:\\\/\\\/pippam.fi\\\/?product=pippa-m-astianpesuaine-kasitiskiin\",\"url\":\"https:\\\/\\\/pippam.fi\\\/?product=pippa-m-astianpesuaine-kasitiskiin\",\"name\":\"01. pippa m. astianpesuaine k\u00e4sitiskiin - pippa m.\",\"isPartOf\":{\"@id\":\"https:\\\/\\\/pippam.fi\\\/#website\"},\"primaryImageOfPage\":{\"@id\":\"https:\\\/\\\/pippam.fi\\\/?product=pippa-m-astianpesuaine-kasitiskiin#primaryimage\"},\"image\":{\"@id\":\"https:\\\/\\\/pippam.fi\\\/?product=pippa-m-astianpesuaine-kasitiskiin#primaryimage\"},\"thumbnailUrl\":\"https:\\\/\\\/pippam.fi\\\/wp-content\\\/uploads\\\/2017\\\/01\\\/Varainhankintaa-tiskiaine.png\",\"datePublished\":\"2017-01-11T12:35:56+00:00\",\"dateModified\":\"2023-09-15T08:29:38+00:00\",\"breadcrumb\":{\"@id\":\"https:\\\/\\\/pippam.fi\\\/?product=pippa-m-astianpesuaine-kasitiskiin#breadcrumb\"},\"inLanguage\":\"fi\",\"potentialAction\":[{\"@type\":\"ReadAction\",\"target\":[\"https:\\\/\\\/pippam.fi\\\/?product=pippa-m-astianpesuaine-kasitiskiin\"]}]},{\"@type\":\"ImageObject\",\"inLanguage\":\"fi\",\"@id\":\"https:\\\/\\\/pippam.fi\\\/?product=pippa-m-astianpesuaine-kasitiskiin#primaryimage\",\"url\":\"https:\\\/\\\/pippam.fi\\\/wp-content\\\/uploads\\\/2017\\\/01\\\/Varainhankintaa-tiskiaine.png\",\"contentUrl\":\"https:\\\/\\\/pippam.fi\\\/wp-content\\\/uploads\\\/2017\\\/01\\\/Varainhankintaa-tiskiaine.png\",\"width\":1080,\"height\":1080},{\"@type\":\"BreadcrumbList\",\"@id\":\"https:\\\/\\\/pippam.fi\\\/?product=pippa-m-astianpesuaine-kasitiskiin#breadcrumb\",\"itemListElement\":[{\"@type\":\"ListItem\",\"position\":1,\"name\":\"Etusivu\",\"item\":\"https:\\\/\\\/pippam.fi\\\/\"},{\"@type\":\"ListItem\",\"position\":2,\"name\":\"KAUPPA\",\"item\":\"https:\\\/\\\/pippam.fi\\\/?page_id=4\"},{\"@type\":\"ListItem\",\"position\":3,\"name\":\"01. pippa m. astianpesuaine k\u00e4sitiskiin\"}]},{\"@type\":\"WebSite\",\"@id\":\"https:\\\/\\\/pippam.fi\\\/#website\",\"url\":\"https:\\\/\\\/pippam.fi\\\/\",\"name\":\"pippa m.\",\"description\":\"Vastuullista varainhankintaa \u2013 varainkeruu luokille ja joukkueille | pippa m.\",\"publisher\":{\"@id\":\"https:\\\/\\\/pippam.fi\\\/#organization\"},\"potentialAction\":[{\"@type\":\"SearchAction\",\"target\":{\"@type\":\"EntryPoint\",\"urlTemplate\":\"https:\\\/\\\/pippam.fi\\\/?s={search_term_string}\"},\"query-input\":{\"@type\":\"PropertyValueSpecification\",\"valueRequired\":true,\"valueName\":\"search_term_string\"}}],\"inLanguage\":\"fi\"},{\"@type\":\"Organization\",\"@id\":\"https:\\\/\\\/pippam.fi\\\/#organization\",\"name\":\"pippa m.\",\"url\":\"https:\\\/\\\/pippam.fi\\\/\",\"logo\":{\"@type\":\"ImageObject\",\"inLanguage\":\"fi\",\"@id\":\"https:\\\/\\\/pippam.fi\\\/#\\\/schema\\\/logo\\\/image\\\/\",\"url\":\"https:\\\/\\\/pippam.fi\\\/wp-content\\\/uploads\\\/2018\\\/02\\\/cropped-pippa_m_registered_trademark-3.png\",\"contentUrl\":\"https:\\\/\\\/pippam.fi\\\/wp-content\\\/uploads\\\/2018\\\/02\\\/cropped-pippa_m_registered_trademark-3.png\",\"width\":508,\"height\":110,\"caption\":\"pippa m.\"},\"image\":{\"@id\":\"https:\\\/\\\/pippam.fi\\\/#\\\/schema\\\/logo\\\/image\\\/\"},\"sameAs\":[\"https:\\\/\\\/www.facebook.com\\\/pippam.fi\",\"https:\\\/\\\/www.instagram.com\\\/pippam.fi\"]}]}<\/script>\n<!-- \/ Yoast SEO plugin. -->","yoast_head_json":{"title":"01. pippa m. astianpesuaine k\u00e4sitiskiin - pippa m.","robots":{"index":"index","follow":"follow","max-snippet":"max-snippet:-1","max-image-preview":"max-image-preview:large","max-video-preview":"max-video-preview:-1"},"canonical":"https:\/\/pippam.fi\/?product=pippa-m-astianpesuaine-kasitiskiin","og_locale":"fi_FI","og_type":"article","og_title":"01. pippa m. astianpesuaine k\u00e4sitiskiin - pippa m.","og_description":"pippa m. astianpesuaine k\u00e4sitiskiin on neutraali puhdistusaine, joka soveltuu astian- ja ikkunanpesuun sek\u00e4 kalusteiden ja maalattujen pintojen puhdistukseen.","og_url":"https:\/\/pippam.fi\/?product=pippa-m-astianpesuaine-kasitiskiin","og_site_name":"pippa m.","article_publisher":"https:\/\/www.facebook.com\/pippam.fi","article_modified_time":"2023-09-15T08:29:38+00:00","og_image":[{"width":1080,"height":1080,"url":"https:\/\/pippam.fi\/wp-content\/uploads\/2017\/01\/Varainhankintaa-tiskiaine.png","type":"image\/png"}],"twitter_card":"summary_large_image","schema":{"@context":"https:\/\/schema.org","@graph":[{"@type":"WebPage","@id":"https:\/\/pippam.fi\/?product=pippa-m-astianpesuaine-kasitiskiin","url":"https:\/\/pippam.fi\/?product=pippa-m-astianpesuaine-kasitiskiin","name":"01. pippa m. astianpesuaine k\u00e4sitiskiin - pippa m.","isPartOf":{"@id":"https:\/\/pippam.fi\/#website"},"primaryImageOfPage":{"@id":"https:\/\/pippam.fi\/?product=pippa-m-astianpesuaine-kasitiskiin#primaryimage"},"image":{"@id":"https:\/\/pippam.fi\/?product=pippa-m-astianpesuaine-kasitiskiin#primaryimage"},"thumbnailUrl":"https:\/\/pippam.fi\/wp-content\/uploads\/2017\/01\/Varainhankintaa-tiskiaine.png","datePublished":"2017-01-11T12:35:56+00:00","dateModified":"2023-09-15T08:29:38+00:00","breadcrumb":{"@id":"https:\/\/pippam.fi\/?product=pippa-m-astianpesuaine-kasitiskiin#breadcrumb"},"inLanguage":"fi","potentialAction":[{"@type":"ReadAction","target":["https:\/\/pippam.fi\/?product=pippa-m-astianpesuaine-kasitiskiin"]}]},{"@type":"ImageObject","inLanguage":"fi","@id":"https:\/\/pippam.fi\/?product=pippa-m-astianpesuaine-kasitiskiin#primaryimage","url":"https:\/\/pippam.fi\/wp-content\/uploads\/2017\/01\/Varainhankintaa-tiskiaine.png","contentUrl":"https:\/\/pippam.fi\/wp-content\/uploads\/2017\/01\/Varainhankintaa-tiskiaine.png","width":1080,"height":1080},{"@type":"BreadcrumbList","@id":"https:\/\/pippam.fi\/?product=pippa-m-astianpesuaine-kasitiskiin#breadcrumb","itemListElement":[{"@type":"ListItem","position":1,"name":"Etusivu","item":"https:\/\/pippam.fi\/"},{"@type":"ListItem","position":2,"name":"KAUPPA","item":"https:\/\/pippam.fi\/?page_id=4"},{"@type":"ListItem","position":3,"name":"01. pippa m. astianpesuaine k\u00e4sitiskiin"}]},{"@type":"WebSite","@id":"https:\/\/pippam.fi\/#website","url":"https:\/\/pippam.fi\/","name":"pippa m.","description":"Vastuullista varainhankintaa \u2013 varainkeruu luokille ja joukkueille | pippa m.","publisher":{"@id":"https:\/\/pippam.fi\/#organization"},"potentialAction":[{"@type":"SearchAction","target":{"@type":"EntryPoint","urlTemplate":"https:\/\/pippam.fi\/?s={search_term_string}"},"query-input":{"@type":"PropertyValueSpecification","valueRequired":true,"valueName":"search_term_string"}}],"inLanguage":"fi"},{"@type":"Organization","@id":"https:\/\/pippam.fi\/#organization","name":"pippa m.","url":"https:\/\/pippam.fi\/","logo":{"@type":"ImageObject","inLanguage":"fi","@id":"https:\/\/pippam.fi\/#\/schema\/logo\/image\/","url":"https:\/\/pippam.fi\/wp-content\/uploads\/2018\/02\/cropped-pippa_m_registered_trademark-3.png","contentUrl":"https:\/\/pippam.fi\/wp-content\/uploads\/2018\/02\/cropped-pippa_m_registered_trademark-3.png","width":508,"height":110,"caption":"pippa m."},"image":{"@id":"https:\/\/pippam.fi\/#\/schema\/logo\/image\/"},"sameAs":["https:\/\/www.facebook.com\/pippam.fi","https:\/\/www.instagram.com\/pippam.fi"]}]}},"_links":{"self":[{"href":"https:\/\/pippam.fi\/index.php?rest_route=\/wp\/v2\/product\/32","targetHints":{"allow":["GET"]}}],"collection":[{"href":"https:\/\/pippam.fi\/index.php?rest_route=\/wp\/v2\/product"}],"about":[{"href":"https:\/\/pippam.fi\/index.php?rest_route=\/wp\/v2\/types\/product"}],"wp:featuredmedia":[{"embeddable":true,"href":"https:\/\/pippam.fi\/index.php?rest_route=\/wp\/v2\/media\/11073"}],"wp:attachment":[{"href":"https:\/\/pippam.fi\/index.php?rest_route=%2Fwp%2Fv2%2Fmedia&parent=32"}],"wp:term":[{"taxonomy":"product_brand","embeddable":true,"href":"https:\/\/pippam.fi\/index.php?rest_route=%2Fwp%2Fv2%2Fproduct_brand&post=32"},{"taxonomy":"product_cat","embeddable":true,"href":"https:\/\/pippam.fi\/index.php?rest_route=%2Fwp%2Fv2%2Fproduct_cat&post=32"},{"taxonomy":"product_tag","embeddable":true,"href":"https:\/\/pippam.fi\/index.php?rest_route=%2Fwp%2Fv2%2Fproduct_tag&post=32"}],"curies":[{"name":"wp","href":"https:\/\/api.w.org\/{rel}","templated":true}]}}